{"id":923,"date":"2021-05-06T09:54:26","date_gmt":"2021-05-06T09:54:26","guid":{"rendered":"https:\/\/sunnhaeusl-staging.obinet.at\/?page_id=923"},"modified":"2021-05-06T10:07:51","modified_gmt":"2021-05-06T10:07:51","slug":"impressum","status":"publish","type":"page","link":"https:\/\/sunnhaeusl.at\/en\/impressum\/","title":{"rendered":"Imprint"},"content":{"rendered":"<div data-colibri-id=\"923-c1\" class=\"style-1218 style-local-923-c1 position-relative\">\n  <!---->\n  <div data-colibri-component=\"section\" data-colibri-id=\"923-c2\" id=\"custom\" class=\"h-section h-section-global-spacing d-flex align-items-lg-center align-items-md-center align-items-center style-1219 style-local-923-c2 position-relative\">\n    <!---->\n    <!---->\n    <div class=\"h-section-grid-container h-section-boxed-container\">\n      <!---->\n      <div data-colibri-id=\"923-c3\" class=\"h-row-container gutters-row-lg-1 gutters-row-md-1 gutters-row-0 gutters-row-v-lg-1 gutters-row-v-md-1 gutters-row-v-1 style-1220 style-local-923-c3 position-relative\">\n        <!---->\n        <div class=\"h-row justify-content-lg-start justify-content-md-start justify-content-start align-items-lg-stretch align-items-md-stretch align-items-stretch gutters-col-lg-1 gutters-col-md-1 gutters-col-0 gutters-col-v-lg-1 gutters-col-v-md-1 gutters-col-v-1\">\n          <!---->\n          <div class=\"h-column h-column-container d-flex h-col-lg-auto h-col-md-auto h-col-auto style-1221-outer style-local-923-c4-outer\">\n            <div data-colibri-id=\"923-c4\" class=\"d-flex h-flex-basis h-column__inner h-px-lg-1 h-px-md-1 h-px-1 v-inner-lg-1 v-inner-md-1 v-inner-1 style-1221 style-local-923-c4 position-relative\">\n              <!---->\n              <!---->\n              <div class=\"w-100 h-y-container h-column__content h-column__v-align flex-basis-100 align-self-lg-start align-self-md-start align-self-start\">\n                <!---->\n                <div data-colibri-id=\"923-c5\" class=\"h-text h-text-component style-1222 style-local-923-c5 position-relative h-element\">\n                  <!---->\n                  <!---->\n                  <div class=\"\">\n                    <h3>Media owner<\/h3>\n                    <p><strong>Fr\u00fchst\u00fcckspension Sunnh\u00e4usl<\/strong><\/p>\n                    <p>Helga Harlander-Stoffel\n                      <br>Haidachweg 2\n                      <br>5621 St. Veit im Pongau<\/p>\n                    <h3>\n                      <br>Contact<\/h3>\n                    <p>tel:&nbsp;<span rel=\"nofollow noopener noreferrer\" target=\"_blank\" style=\"font-family: &quot;Open Sans&quot;; font-weight: 400; font-size: 1em; color: rgb(128, 0, 0);\">0043\/(0)6415\/7448<\/span>\n                      <br>fax.: 0043\/(0)6415\/7448-1\n                      <br>mail.:&nbsp;\n                      <a href=\"mailto:info@sunnhaeusl.at\" rel=\"nofollow noopener noreferrer\" target=\"_blank\" style=\"font-family: &quot;Open Sans&quot;; font-weight: 400; font-size: 1em; color: rgb(128, 0, 0);\">info@sunnhaeusl.at<\/a>\n                      <br>web.: www.sunnhaeusl.at<\/p>\n                    <p>We accept no liability for the content of external websites to which we have created links, nor do we accept any liability for errors or inaccuracies. Liability claims of a material or non-material nature pertaining to information which the publisher has mentioned or failed to mention are not possible.<\/p>\n                    <p>All reservations are subject to Austrian Hotel Contracting Conditions.<\/p>\n                    <h3>\n                      <br>Fotos<\/h3>\n                    <p>\u00a9 Salzburger Sonnenterrasse\n                      <br>\u00a9 SkiAmade\n                      <br>\u00a9 Bergfex<\/p>\n                    <h3>\n                      <br>Web<\/h3>\n                    <p><strong>OBINET \u2013 Kommunikation &amp; Technologie<\/strong><\/p>\n                    <p>Salzburgerstra\u00dfe 55\n                      <br>5620 Schwarzach im Pongau<\/p>\n                    <p>tel:&nbsp;<span rel=\"nofollow noopener noreferrer\" target=\"_blank\" style=\"font-family: &quot;Open Sans&quot;; font-weight: 400; font-size: 1em; color: rgb(128, 0, 0);\">+43 6415 422 42 80<\/span><\/p>\n                    <p>\n                      <br>\n                    <\/p>\n                  <\/div>\n                <\/div>\n              <\/div>\n            <\/div>\n          <\/div>\n        <\/div>\n      <\/div>\n    <\/div>\n  <\/div>\n<\/div>","protected":false},"excerpt":{"rendered":"<p>Medieninhaber Fr\u00fchst\u00fcckspension Sunnh\u00e4usl Helga Harlander-Stoffel Haidachweg 2 5621 St. Veit im Pongau Kontaktdaten tel.:&nbsp;0043\/(0)6415\/7448 fax.: 0043\/(0)6415\/7448-1 mail.:&nbsp; info@sunnhaeusl.at web.: www.sunnhaeusl.at F\u00fcr die Inhalte auf den verlinkten Seiten \u00fcbernehmen wir keine Haftung. Tippfehler vorbehalten. Haftungsanspr\u00fcche ideeller als auch materieller Art f\u00fcr Informationen, die der Herausgeber erw\u00e4hnt oder nicht erw\u00e4hnt hat sind nicht m\u00f6glich. F\u00fcr alle Reservierungen [&hellip;]<\/p>\n","protected":false},"author":2,"featured_media":0,"parent":0,"menu_order":0,"comment_status":"closed","ping_status":"closed","template":"page-templates\/full-width-page.php","meta":{"footnotes":""},"class_list":["post-923","page","type-page","status-publish","hentry"],"_links":{"self":[{"href":"https:\/\/sunnhaeusl.at\/en\/wp-json\/wp\/v2\/pages\/923","targetHints":{"allow":["GET"]}}],"collection":[{"href":"https:\/\/sunnhaeusl.at\/en\/wp-json\/wp\/v2\/pages"}],"about":[{"href":"https:\/\/sunnhaeusl.at\/en\/wp-json\/wp\/v2\/types\/page"}],"author":[{"embeddable":true,"href":"https:\/\/sunnhaeusl.at\/en\/wp-json\/wp\/v2\/users\/2"}],"replies":[{"embeddable":true,"href":"https:\/\/sunnhaeusl.at\/en\/wp-json\/wp\/v2\/comments?post=923"}],"version-history":[{"count":2,"href":"https:\/\/sunnhaeusl.at\/en\/wp-json\/wp\/v2\/pages\/923\/revisions"}],"predecessor-version":[{"id":940,"href":"https:\/\/sunnhaeusl.at\/en\/wp-json\/wp\/v2\/pages\/923\/revisions\/940"}],"wp:attachment":[{"href":"https:\/\/sunnhaeusl.at\/en\/wp-json\/wp\/v2\/media?parent=923"}],"curies":[{"name":"wp","href":"https:\/\/api.w.org\/{rel}","templated":true}]}}