{"id":891,"date":"2021-05-06T09:39:46","date_gmt":"2021-05-06T09:39:46","guid":{"rendered":"https:\/\/sunnhaeusl-staging.obinet.at\/?page_id=891"},"modified":"2021-05-06T09:53:57","modified_gmt":"2021-05-06T09:53:57","slug":"datenschutz-cookies","status":"publish","type":"page","link":"https:\/\/sunnhaeusl.at\/en\/datenschutz-cookies\/","title":{"rendered":"Privacy &amp; cookies"},"content":{"rendered":"<div data-colibri-id=\"891-c1\" class=\"style-1162 style-local-891-c1 position-relative\">\n  <!---->\n  <div data-colibri-component=\"section\" data-colibri-id=\"891-c42\" id=\"custom\" class=\"h-section h-section-global-spacing d-flex align-items-lg-center align-items-md-center align-items-center style-1199 style-local-891-c42 position-relative\">\n    <!---->\n    <!---->\n    <div class=\"h-section-grid-container h-section-boxed-container\">\n      <!---->\n      <div data-colibri-id=\"891-c43\" class=\"h-row-container gutters-row-lg-1 gutters-row-md-1 gutters-row-0 gutters-row-v-lg-1 gutters-row-v-md-1 gutters-row-v-1 style-1200 style-local-891-c43 position-relative\">\n        <!---->\n        <div class=\"h-row justify-content-lg-start justify-content-md-start justify-content-start align-items-lg-stretch align-items-md-stretch align-items-stretch gutters-col-lg-1 gutters-col-md-1 gutters-col-0 gutters-col-v-lg-1 gutters-col-v-md-1 gutters-col-v-1\">\n          <!---->\n          <div class=\"h-column h-column-container d-flex h-col-lg-auto h-col-md-auto h-col-auto style-1201-outer style-local-891-c44-outer\">\n            <div data-colibri-id=\"891-c44\" class=\"d-flex h-flex-basis h-column__inner h-px-lg-1 h-px-md-1 h-px-1 v-inner-lg-1 v-inner-md-1 v-inner-1 style-1201 style-local-891-c44 position-relative\">\n              <!---->\n              <!---->\n              <div class=\"w-100 h-y-container h-column__content h-column__v-align flex-basis-100 align-self-lg-start align-self-md-start align-self-start\">\n                <!---->\n                <div data-colibri-id=\"891-c47\" class=\"h-text h-text-component style-1204 style-local-891-c47 position-relative h-element\">\n                  <!---->\n                  <!---->\n                  <div class=\"\">\n                    <h4>Data Privacy<\/h4>\n                    <p>The protection of your personal data is a top priority for us. That said, we process your data exclusively on the basis of applicable legal regulations (GDPR, TKG 2003). In the data privacy information at hand, we inform you about the most important aspects of data processing within the scope of our website.<\/p>\n                    <p>When you visit our website, we compile your IP address as well as the start, finish and duration of your session. This is necessary from a technical perspective and therefore represents our legitimate interest in accordance with Art 6 ( 1 ) ( f ) GDPR. Unless otherwise stipulated below, this data is not subject to any further processing.<\/p>\n                    <h4>Contact with us<\/h4>\n                    <p>If you get in contact with us by means of the form on our website or by email, the data you provide will be stored by us for a period of 6 months in order to respond to your request as well as any potential follow-up questions. We do not share this data with any third parties without your expressed consent.<\/p>\n                    <h4>Contact<\/h4>\n                    <p><strong style=\"font-size: 16px; font-family: &quot;Open Sans&quot;; color: rgb(102, 102, 102);\">Fr\u00fchst\u00fcckspension Sunnh\u00e4usl<\/strong><\/p>\n                    <p><span style=\"font-weight: 400; font-size: 16px; font-family: &quot;Open Sans&quot;; color: rgb(102, 102, 102);\">Helga Harlander-Stoffel<br>Haidachweg 2,<br>5621 St. Veit im Pongau<\/span><\/p>\n                    <p><span style=\"font-weight: 400; font-size: 16px; font-family: &quot;Open Sans&quot;; color: rgb(102, 102, 102);\">tel:&nbsp;<\/span>&nbsp;<span style=\"font-weight: 400; font-size: 16px; font-family: &quot;Open Sans&quot;; color: rgb(128, 0, 0);\">0043\/(0)6415\/7448<\/span>\n                      <span\n                        style=\"font-weight: 400; font-size: 16px; font-family: &quot;Open Sans&quot;; color: rgb(102, 102, 102);\">\n                        <br>fax.: 0043\/(0)6415\/7448-1\n                        <br>mail.:&nbsp;<\/span>&nbsp;\n                        <a href=\"mailto:info@sunnhaeusl.at\" target=\"_blank\" rel=\"nofollow noopener noreferrer\" style=\"color: rgb(128, 0, 0); font-size: 16px; font-weight: 400; font-family: &quot;Open Sans&quot;;\">info@sunnhaeusl.at<\/a><span style=\"color: rgb(102, 102, 102); font-size: 16px; font-weight: 400; font-family: &quot;Open Sans&quot;;\"><br>web.: www.sunnhaeusl.at<\/span><\/p>\n                    <h4>Google Web Analysis Service (Google Analytics)<\/h4>\n                    <p>This website utilizes functions of the web analysis service Google Analytics provided by Google Inc., 1600 Amphitheatre Parkway Mountain View, CA 94043, USA. We implement the function \"activation of anonymization\" on this website. As a consequence, within member states of the European Union as well as signatory countries within the European Economic Area your IP address will be truncated by Google prior to processing\/storage. At the request of the operator of this website, Google will use this information in order to analyze your use of the website, compile reports about website activity and in order to measure and optimize the effectiveness of online advertising campaigns.<\/p>\n                    <p>In particular, the data processed will involve online identifiers (including cookie IDs), IP addresses, equipment codes, location data, identifiers provided by the customer as well as other user data (especially time and duration of visit, selection of specific offers, etc.). Further information about how user data is managed by Google Analytics can be found in Google\u2019s own data privacy policy which may be found at&nbsp;\n                      <a href=\"https:\/\/policies.google.com\/privacy?hl=de.\" target=\"_blank\" rel=\"nofollow noopener noreferrer\" class=\"customize-unpreviewable\" style=\"color: rgb(128, 0, 0); font-size: 1em; font-weight: 400; font-family: &quot;Open Sans&quot;;\">https:\/\/policies.google.com\/privacy?hl=de.<\/a>\n                    <\/p>\n                    <p>You can prevent Google from collecting data about your usage of the website by means of cookies along with the processing thereof, simply by downloading and installing the browser plug-in available under the following link:&nbsp;\n                      <a href=\"https:\/\/tools.google.com\/dlpage\/gaoptout?hl=de\" target=\"_blank\" rel=\"nofollow noopener noreferrer\" class=\"customize-unpreviewable\" style=\"color: rgb(128, 0, 0); font-size: 1em; font-weight: 400; font-family: &quot;Open Sans&quot;;\">https:\/\/tools.google.com\/dlpage\/gaoptout?hl=de<\/a>\n                    <\/p>\n                    <p>Detailed instructions about how you can prevent Google from storing your data can also be found under the following in:&nbsp;\n                      <a href=\"https:\/\/developers.google.com\/analytics\/devguides\/collection\/gajs?hl=de#disable\" target=\"_blank\" rel=\"nofollow noopener noreferrer\" style=\"color: rgb(128, 0, 0); font-size: 1em; font-weight: 400; font-family: &quot;Open Sans&quot;;\" class=\"customize-unpreviewable\">https:\/\/developers.google.com\/analytics\/devguides\/collection\/gajs\/?hl=de#disable<\/a>Our relationship with this web analysis provider is within the framework of our having contracted with Google Analytics in order to process specific data. Transmission of data to this provider is consistent with the parameters established by the European Commission (self-certification, Privacy Shield). Data is regularly deleted (currently every 26 months).<\/p>\n                    <p>\n                      <br>\n                    <\/p>\n                  <\/div>\n                <\/div>\n                <div data-colibri-id=\"891-c48\" class=\"h-text h-text-component style-1205 style-local-891-c48 position-relative h-element\">\n                  <!---->\n                  <!---->\n                  <div class=\"\">\n                    <h4>Cookies<\/h4>\n                    <p>This website uses so-called \u201ccookies\u201d. These are small text files that are stored by means of your browser on your electronic device. They do not cause any harm. Our website utilizes so-called \u201csession cookies\u201d. These are generated when you access our website and are automatically deleted later. They allow us to recognize you if you return to our website in the immediate future, automatically adjusting website settings to reflect your preferences and interests. In doing so, no personally identifiable data is stored or processed. Cookies are intended to make our websites more user-friendly. Some cookies remain stored on your electronic device until you delete them. They enable the website operator to recognize your browser when you visit again. If you do not wish this to occur, you can set up your browser so that it informs you prior to installing cookies and you can permit this to happen, or not, on a case-by-case basis. If you decide to deactivate cookies, this may restrict the functionality of the website as a whole.<\/p>\n                  <\/div>\n                <\/div>\n                <div data-colibri-id=\"891-c49\" class=\"style-1206 style-local-891-c49 position-relative h-element\">\n                  <!---->\n                  <div class=\"h-global-transition-all\"><a href=\"#\" class=\"cn-revoke-cookie cn-button-inline cn-revoke-inline\" title=\"Allow cookies \/ Deny Cookies\">Allow cookies \/ Deny Cookies<\/a><\/div>\n                <\/div>\n                <div data-colibri-id=\"891-c53\" class=\"h-text h-text-component style-1205 style-local-891-c53 position-relative h-element\">\n                  <!---->\n                  <!---->\n                  <div class=\"\">\n                    <h4>The following cookies are generated\/used on the website or within modules embedded on pages:<\/h4>\n                  <\/div>\n                <\/div>\n                <div data-colibri-component=\"tabs\" data-colibri-id=\"891-c54\" class=\"h-tabs h-tabs-horizontal style-1209 style-local-891-c54 position-relative h-element\">\n                  <!---->\n                  <div class=\"h-tabs-navigation d-flex h-tabs-navigation-horizontal\">\n                    <a href=\"#_ga\" class=\"h-tabs-navigation-item d-flex align-items-center h-global-transition h-tabs-navigation-active-item h-custom-active-state\" rel=\"#_ga\">\n                      <!----><span class=\"h-tabs-navigation-item__text\">_ga<\/span><\/a>\n                    <a href=\"#_gat_gtag_ua_\" class=\"h-tabs-navigation-item d-flex align-items-center h-global-transition\" rel=\"#_gat_gtag_ua_\">\n                      <!----><span class=\"h-tabs-navigation-item__text\">_gat_gtag_UA_*<\/span><\/a>\n                    <a href=\"#_gid-2\" class=\"h-tabs-navigation-item d-flex align-items-center h-global-transition\" rel=\"#_gid-2\">\n                      <!----><span class=\"h-tabs-navigation-item__text\">_gid<\/span><\/a>\n                    <a href=\"#cookie_notice_accepted\" class=\"h-tabs-navigation-item d-flex align-items-center h-global-transition\" rel=\"#cookie_notice_accepted\">\n                      <!----><span class=\"h-tabs-navigation-item__text\">cookie_notice_accepted<\/span><\/a>\n                  <\/div>\n                  <div id=\"_ga\" data-colibri-id=\"891-c55\" class=\"h-tabs-item-content h-tabs-item h-tabs-content-horizontal h-tabs-content-891-c55 style-1210 style-local-891-c55 position-relative h-element h-tabs-content-active\">\n                    <!---->\n                    <div class=\"w-100 h-y-container\">\n                      <!---->\n                      <div data-colibri-id=\"891-c56\" class=\"h-text h-text-component style-1211 style-local-891-c56 position-relative h-element\">\n                        <!---->\n                        <!---->\n                        <div class=\"\">\n                          <p><strong>Verwendungszweck:<\/strong>&nbsp;Google Analytics: enables compilation of data about visits and visit<\/p>\n                          <p><strong>Domain:&nbsp;<\/strong>sunnhaeusl.at<\/p>\n                        <\/div>\n                      <\/div>\n                    <\/div>\n                  <\/div>\n                  <div id=\"_gat_gtag_ua_\" data-colibri-id=\"891-c57\" class=\"h-tabs-item-content h-tabs-item h-tabs-content-horizontal h-tabs-content-891-c57 style-1212 style-local-891-c57 position-relative h-element hide\">\n                    <!---->\n                    <div class=\"w-100 h-y-container\">\n                      <!---->\n                      <div data-colibri-id=\"891-c58\" class=\"h-text h-text-component style-1213 style-local-891-c58 position-relative h-element\">\n                        <!---->\n                        <!---->\n                        <div class=\"\">\n                          <p><strong>Verwendungszweck:<\/strong>&nbsp;Google Analytics: function-specific cookie with varying tasks. Includes compilation of visitor statistics<\/p>\n                          <p><strong>Domain:&nbsp;<\/strong>sunnhaeusl.at<\/p>\n                          <p><strong>G\u00fcltigkeit:&nbsp;<\/strong>1 Minute<\/p>\n                        <\/div>\n                      <\/div>\n                    <\/div>\n                  <\/div>\n                  <div id=\"_gid-2\" data-colibri-id=\"891-c61\" class=\"h-tabs-item-content h-tabs-item h-tabs-content-horizontal h-tabs-content-891-c61 style-1216 style-local-891-c61 position-relative h-element hide\">\n                    <!---->\n                    <div class=\"w-100 h-y-container\">\n                      <!---->\n                      <div data-colibri-id=\"891-c62\" class=\"h-text h-text-component style-1217 style-local-891-c62 position-relative h-element\">\n                        <!---->\n                        <!---->\n                        <div class=\"\">\n                          <p><strong>Verwendungszweck:<\/strong>&nbsp;Google Analytics: record visitor statistics<\/p>\n                          <p><strong>Domain:&nbsp;<\/strong>sunnhaeusl.at<\/p>\n                          <p><strong>G\u00fcltigkeit:&nbsp;<\/strong>24 Stunden<\/p>\n                        <\/div>\n                      <\/div>\n                    <\/div>\n                  <\/div>\n                  <div id=\"cookie_notice_accepted\" data-colibri-id=\"891-c59\" class=\"h-tabs-item-content h-tabs-item h-tabs-content-horizontal h-tabs-content-891-c59 style-1214 style-local-891-c59 position-relative h-element hide\">\n                    <!---->\n                    <div class=\"w-100 h-y-container\">\n                      <!---->\n                      <div data-colibri-id=\"891-c60\" class=\"h-text h-text-component style-1215 style-local-891-c60 position-relative h-element\">\n                        <!---->\n                        <!---->\n                        <div class=\"\">\n                          <p><strong>Verwendungszweck:<\/strong>&nbsp;Saves the user decision to accept or deny the cookie use<\/p>\n                          <p><strong>Domain:&nbsp;<\/strong>sunnhaeusl.at<\/p>\n                          <p><strong>G\u00fcltigkeit:&nbsp;<\/strong>1 Monat<\/p>\n                        <\/div>\n                      <\/div>\n                    <\/div>\n                  <\/div>\n                <\/div>\n              <\/div>\n            <\/div>\n          <\/div>\n        <\/div>\n      <\/div>\n    <\/div>\n  <\/div>\n<\/div>","protected":false},"excerpt":{"rendered":"<p>Datenschutz Der Schutz Ihrer pers\u00f6nlichen Daten ist uns ein besonderes Anliegen. Wir verarbeiten Ihre Daten daher ausschlie\u00dflich auf Grundlage der gesetzlichen Bestimmungen (DSGVO, TKG 2003). In diesen Datenschutzinformationen informieren wir Sie \u00fcber die wichtigsten Aspekte der Datenverarbeitung im Rahmen unserer Website. Beim Besuch unserer Webseite wird Ihre IP-Adresse, Beginn und Ende der Sitzung f\u00fcr die [&hellip;]<\/p>\n","protected":false},"author":2,"featured_media":0,"parent":0,"menu_order":0,"comment_status":"closed","ping_status":"closed","template":"page-templates\/full-width-page.php","meta":{"footnotes":""},"class_list":["post-891","page","type-page","status-publish","hentry"],"_links":{"self":[{"href":"https:\/\/sunnhaeusl.at\/en\/wp-json\/wp\/v2\/pages\/891","targetHints":{"allow":["GET"]}}],"collection":[{"href":"https:\/\/sunnhaeusl.at\/en\/wp-json\/wp\/v2\/pages"}],"about":[{"href":"https:\/\/sunnhaeusl.at\/en\/wp-json\/wp\/v2\/types\/page"}],"author":[{"embeddable":true,"href":"https:\/\/sunnhaeusl.at\/en\/wp-json\/wp\/v2\/users\/2"}],"replies":[{"embeddable":true,"href":"https:\/\/sunnhaeusl.at\/en\/wp-json\/wp\/v2\/comments?post=891"}],"version-history":[{"count":4,"href":"https:\/\/sunnhaeusl.at\/en\/wp-json\/wp\/v2\/pages\/891\/revisions"}],"predecessor-version":[{"id":918,"href":"https:\/\/sunnhaeusl.at\/en\/wp-json\/wp\/v2\/pages\/891\/revisions\/918"}],"wp:attachment":[{"href":"https:\/\/sunnhaeusl.at\/en\/wp-json\/wp\/v2\/media?parent=891"}],"curies":[{"name":"wp","href":"https:\/\/api.w.org\/{rel}","templated":true}]}}