{"id":655,"date":"2021-05-06T08:11:30","date_gmt":"2021-05-06T08:11:30","guid":{"rendered":"https:\/\/sunnhaeusl-staging.obinet.at\/?page_id=655"},"modified":"2023-08-04T09:42:47","modified_gmt":"2023-08-04T09:42:47","slug":"preise","status":"publish","type":"page","link":"https:\/\/sunnhaeusl.at\/en\/preise\/","title":{"rendered":"prices"},"content":{"rendered":"<div data-colibri-id=\"655-c1\" class=\"style-956 style-local-655-c1 position-relative\">\n  <!---->\n  <div data-colibri-component=\"section\" data-colibri-id=\"655-c2\" id=\"reusable-sections\" class=\"h-section h-section-global-spacing d-flex align-items-lg-center align-items-md-center align-items-center style-1588 style-local-655-c2 position-relative\">\n    <!---->\n    <!---->\n    <div class=\"h-section-grid-container h-section-boxed-container\">\n      <!---->\n      <div data-colibri-id=\"655-c3\" class=\"h-row-container gutters-row-lg-0 gutters-row-md-0 gutters-row-0 gutters-row-v-lg-0 gutters-row-v-md-0 gutters-row-v-0 style-1589 style-local-655-c3 position-relative\">\n        <!---->\n        <div class=\"h-row justify-content-lg-center justify-content-md-center justify-content-center align-items-lg-stretch align-items-md-stretch align-items-stretch gutters-col-lg-0 gutters-col-md-0 gutters-col-0 gutters-col-v-lg-0 gutters-col-v-md-0 gutters-col-v-0\">\n          <!---->\n          <div class=\"h-column h-column-container d-flex h-col-lg-auto h-col-md-auto h-col-auto style-1590-outer style-local-655-c4-outer\">\n            <div data-colibri-id=\"655-c4\" class=\"d-flex h-flex-basis h-column__inner h-px-lg-1 h-px-md-1 h-px-1 v-inner-lg-1 v-inner-md-1 v-inner-1 style-1590 style-local-655-c4 position-relative\">\n              <!---->\n              <!---->\n              <div class=\"w-100 h-y-container h-column__content h-column__v-align flex-basis-100 align-self-lg-start align-self-md-start align-self-start\">\n                <!---->\n                <div data-colibri-id=\"655-c5\" class=\"h-row-container gutters-row-lg-2 gutters-row-md-2 gutters-row-0 gutters-row-v-lg-0 gutters-row-v-md-0 gutters-row-v-0 style-1591 style-local-655-c5 position-relative\">\n                  <!---->\n                  <div class=\"h-row justify-content-lg-start justify-content-md-start justify-content-start align-items-lg-stretch align-items-md-stretch align-items-stretch gutters-col-lg-2 gutters-col-md-2 gutters-col-0 gutters-col-v-lg-0 gutters-col-v-md-0 gutters-col-v-0\">\n                    <!---->\n                    <div class=\"h-column h-column-container d-flex h-col-lg-auto h-col-md-auto h-col-auto style-1592-outer style-local-655-c6-outer\">\n                      <div data-colibri-id=\"655-c6\" class=\"d-flex h-flex-basis h-column__inner h-px-lg-0 h-px-md-0 h-px-0 v-inner-lg-1 v-inner-md-1 v-inner-1 style-1592 style-local-655-c6 position-relative\">\n                        <!---->\n                        <!---->\n                        <div class=\"w-100 h-y-container h-column__content h-column__v-align flex-basis-auto align-self-lg-start align-self-md-start align-self-start\">\n                          <!---->\n                          <div data-colibri-id=\"655-c7\" class=\"h-x-container style-1593 style-local-655-c7 position-relative h-element\">\n                            <!---->\n                            <div class=\"h-x-container-inner style-dynamic-655-c7-group style-1593-spacing style-local-655-c7-spacing\"><span class=\"h-link__outer style-1594-outer style-local-655-c8-outer d-inline-flex h-element\"><a h-use-smooth-scroll=\"true\" href=\"https:\/\/sunnhaeusl-staging.obinet.at\/preise\/zimmerbelegung\/\"  data-colibri-id=\"655-c8\" class=\"d-flex w-100 align-items-center h-link style-1594 style-local-655-c8 position-relative\"><!----><!----> <span>Room vacancys<\/span><\/a>\n                              <\/span>\n                            <\/div>\n                          <\/div>\n                        <\/div>\n                      <\/div>\n                    <\/div>\n                    <div class=\"h-column h-column-container d-flex h-col-lg-auto h-col-md-auto h-col-auto style-1592-outer style-local-655-c9-outer\">\n                      <div data-colibri-id=\"655-c9\" class=\"d-flex h-flex-basis h-column__inner h-px-lg-0 h-px-md-0 h-px-0 v-inner-lg-1 v-inner-md-1 v-inner-1 style-1592 style-local-655-c9 position-relative\">\n                        <!---->\n                        <!---->\n                        <div class=\"w-100 h-y-container h-column__content h-column__v-align flex-basis-auto align-self-lg-start align-self-md-start align-self-start\">\n                          <!---->\n                          <div data-colibri-id=\"655-c10\" class=\"h-x-container style-1593 style-local-655-c10 position-relative h-element\">\n                            <!---->\n                            <div class=\"h-x-container-inner style-dynamic-655-c10-group style-1593-spacing style-local-655-c10-spacing\"><span class=\"h-link__outer style-1594-outer style-local-655-c11-outer d-inline-flex h-element\"><a h-use-smooth-scroll=\"true\" href=\"https:\/\/sunnhaeusl.at\/en\/preise\/sommerpreise\/\"  data-colibri-id=\"655-c11\" class=\"d-flex w-100 align-items-center h-link style-1594 style-local-655-c11 position-relative\"><!----><!----> <span>Pricelist summer<\/span><\/a>\n                              <\/span>\n                            <\/div>\n                          <\/div>\n                        <\/div>\n                      <\/div>\n                    <\/div>\n                    <div class=\"h-column h-column-container d-flex h-col-lg-auto h-col-md-auto h-col-auto style-1592-outer style-local-655-c12-outer\">\n                      <div data-colibri-id=\"655-c12\" class=\"d-flex h-flex-basis h-column__inner h-px-lg-0 h-px-md-0 h-px-0 v-inner-lg-1 v-inner-md-1 v-inner-1 style-1592 style-local-655-c12 position-relative\">\n                        <!---->\n                        <!---->\n                        <div class=\"w-100 h-y-container h-column__content h-column__v-align flex-basis-auto align-self-lg-start align-self-md-start align-self-start\">\n                          <!---->\n                          <div data-colibri-id=\"655-c13\" class=\"h-x-container style-1593 style-local-655-c13 position-relative h-element\">\n                            <!---->\n                            <div class=\"h-x-container-inner style-dynamic-655-c13-group style-1593-spacing style-local-655-c13-spacing\"><span class=\"h-link__outer style-1594-outer style-local-655-c14-outer d-inline-flex h-element\"><a h-use-smooth-scroll=\"true\" href=\"https:\/\/sunnhaeusl.at\/en\/preise\/winterpreise\/\"  data-colibri-id=\"655-c14\" class=\"d-flex w-100 align-items-center h-link style-1594 style-local-655-c14 position-relative\"><!----><!----> <span>Pricelist winter<\/span><\/a>\n                              <\/span>\n                            <\/div>\n                          <\/div>\n                        <\/div>\n                      <\/div>\n                    <\/div>\n                  <\/div>\n                <\/div>\n              <\/div>\n            <\/div>\n          <\/div>\n        <\/div>\n      <\/div>\n    <\/div>\n  <\/div>\n  <div data-colibri-component=\"section\" data-colibri-id=\"655-c15\" id=\"custom\" class=\"h-section h-section-global-spacing d-flex align-items-lg-center align-items-md-center align-items-center style-970 style-local-655-c15 position-relative\">\n    <div class=\"background-wrapper\">\n      <div class=\"background-layer background-layer-media-container-lg\">\n        <!---->\n      <\/div>\n      <div class=\"background-layer background-layer-media-container-md\">\n        <!---->\n        <div class=\"overlay-layer\">\n          <div class=\"overlay-image-layer\" style=\"background-color: rgb(251, 249, 249); opacity: 0.5;\"><\/div>\n        <\/div>\n      <\/div>\n      <div class=\"background-layer background-layer-media-container\">\n        <!---->\n      <\/div>\n    <\/div>\n    <div class=\"h-separator\" style=\"height: 30px; top: calc(0px);\">\n      <svg style=\"fill:rgb(128, 0, 0);\" xmlns=\"http:\/\/www.w3.org\/2000\/svg\" viewbox=\"0 0 1000 100\" preserveaspectratio=\"none\">\n        <path class=\"svg-white-bg\" d=\"M421.9,6.5c22.6-2.5,51.5,0.4,75.5,5.3c23.6,4.9,70.9,23.5,100.5,35.7c75.8,32.2,133.7,44.5,192.6,49.7\tc23.6,2.1,48.7,3.5,103.4-2.5c54.7-6,106.2-25.6,106.2-25.6V0H0v30.3c0,0,72,32.6,158.4,30.5c39.2-0.7,92.8-6.7,134-22.4\tc21.2-8.1,52.2-18.2,79.7-24.2C399.3,7.9,411.6,7.5,421.9,6.5z\"><\/path>\n      <\/svg>\n    <\/div>\n    <div class=\"h-section-grid-container h-section-boxed-container\">\n      <!---->\n      <div data-colibri-id=\"655-c16\" class=\"h-row-container gutters-row-lg-2 gutters-row-md-2 gutters-row-0 gutters-row-v-lg-2 gutters-row-v-md-2 gutters-row-v-2 style-971 style-local-655-c16 position-relative\">\n        <!---->\n        <div class=\"h-row justify-content-lg-start justify-content-md-start justify-content-start align-items-lg-stretch align-items-md-stretch align-items-stretch gutters-col-lg-2 gutters-col-md-2 gutters-col-0 gutters-col-v-lg-2 gutters-col-v-md-2 gutters-col-v-2\">\n          <!---->\n          <div class=\"h-column h-column-container d-flex h-col-lg-auto h-col-md-auto h-col-auto style-972-outer style-local-655-c17-outer\">\n            <div data-colibri-id=\"655-c17\" class=\"d-flex h-flex-basis h-column__inner h-px-lg-0 h-px-md-0 h-px-0 v-inner-lg-0 v-inner-md-0 v-inner-0 style-972 style-local-655-c17 position-relative\">\n              <!---->\n              <!---->\n              <div class=\"w-100 h-y-container h-column__content h-column__v-align flex-basis-100 align-self-lg-start align-self-md-start align-self-start\">\n                <!---->\n                <div data-colibri-id=\"655-c18\" class=\"h-text h-text-component style-975 style-local-655-c18 position-relative h-element\">\n                  <!---->\n                  <!---->\n                  <div class=\"\">\n                    <h2>Our prices<\/h2>\n                  <\/div>\n                <\/div>\n                <div data-colibri-id=\"655-c19\" class=\"h-divider style-974 style-local-655-c19 position-relative h-element\">\n                  <!----><span class=\"h-divider__line style-974-line style-local-655-c19-line style-974-line style-local-655-c19-line\"><\/span><\/div>\n                <div data-colibri-id=\"655-c20\" class=\"h-text h-text-component style-976 style-local-655-c20 position-relative h-element\">\n                  <!---->\n                  <!---->\n                  <div class=\"\">\n                    <p>Dear guests, at our prices we look exactly on the fairness. For our guest and for us must correspond.<\/p>\n                    <p>That`s a main point to arrange a real perfect holiday. In this chapter we also offer very good packages and the actual free rooms for about a half year in advance.<\/p>\n                    <p>We will answer to every question (if possible) to arrange the perfect individual offer.<\/p>\n                    <p>We will be very glad, to say welcome in our house.<\/p>\n                  <\/div>\n                <\/div>\n                <div data-colibri-id=\"655-c21\" class=\"h-x-container style-977 style-local-655-c21 position-relative h-element\">\n                  <!---->\n                  <div class=\"h-x-container-inner style-dynamic-655-c21-group style-977-spacing style-local-655-c21-spacing\"><span class=\"h-button__outer style-978-outer style-local-655-c22-outer d-inline-flex h-element\"><a h-use-smooth-scroll=\"true\" href=\"https:\/\/sunnhaeusl.at\/en\/preise\/zimmerbelegung\/\"  data-colibri-id=\"655-c22\" class=\"d-flex w-100 align-items-center h-button justify-content-lg-center justify-content-md-center justify-content-center style-978 style-local-655-c22 position-relative\"><!----><!----> <span>Available ROOMS<\/span><\/a>\n                    <\/span>\n                  <\/div>\n                <\/div>\n              <\/div>\n            <\/div>\n          <\/div>\n        <\/div>\n      <\/div>\n    <\/div>\n  <\/div>\n<\/div>","protected":false},"excerpt":{"rendered":"<p>Zimmerbelegung Sommerpreise Winterpreise Die Preise Liebe G\u00e4ste, bei den Preisen achten wir sehr genau darauf, dass es f\u00fcr den Gast wie auch f\u00fcr uns passt. Nur so kann es f\u00fcr Gast und Vermieter ein wirklich sch\u00f6ner Urlaub werden. Auch diese preisliche Fairness geh\u00f6rt dazu, wenn man einen rundum perfekten Urlaub genie\u00dfen m\u00f6chte. Sollten Sie Fragen [&hellip;]<\/p>\n","protected":false},"author":2,"featured_media":0,"parent":0,"menu_order":0,"comment_status":"closed","ping_status":"closed","template":"page-templates\/full-width-page.php","meta":{"footnotes":""},"class_list":["post-655","page","type-page","status-publish","hentry"],"_links":{"self":[{"href":"https:\/\/sunnhaeusl.at\/en\/wp-json\/wp\/v2\/pages\/655","targetHints":{"allow":["GET"]}}],"collection":[{"href":"https:\/\/sunnhaeusl.at\/en\/wp-json\/wp\/v2\/pages"}],"about":[{"href":"https:\/\/sunnhaeusl.at\/en\/wp-json\/wp\/v2\/types\/page"}],"author":[{"embeddable":true,"href":"https:\/\/sunnhaeusl.at\/en\/wp-json\/wp\/v2\/users\/2"}],"replies":[{"embeddable":true,"href":"https:\/\/sunnhaeusl.at\/en\/wp-json\/wp\/v2\/comments?post=655"}],"version-history":[{"count":8,"href":"https:\/\/sunnhaeusl.at\/en\/wp-json\/wp\/v2\/pages\/655\/revisions"}],"predecessor-version":[{"id":2593,"href":"https:\/\/sunnhaeusl.at\/en\/wp-json\/wp\/v2\/pages\/655\/revisions\/2593"}],"wp:attachment":[{"href":"https:\/\/sunnhaeusl.at\/en\/wp-json\/wp\/v2\/media?parent=655"}],"curies":[{"name":"wp","href":"https:\/\/api.w.org\/{rel}","templated":true}]}}