{"id":617,"date":"2021-05-06T07:54:14","date_gmt":"2021-05-06T07:54:14","guid":{"rendered":"https:\/\/sunnhaeusl-staging.obinet.at\/?page_id=617"},"modified":"2023-02-16T10:31:59","modified_gmt":"2023-02-16T10:31:59","slug":"ihre-gastgeber","status":"publish","type":"page","link":"https:\/\/sunnhaeusl.at\/en\/bildergallerie\/ihre-gastgeber\/","title":{"rendered":"Your hosts"},"content":{"rendered":"<div data-colibri-id=\"617-c1\" class=\"style-882 style-local-617-c1 position-relative\">\n  <!---->\n  <div data-colibri-component=\"section\" data-colibri-id=\"617-c2\" id=\"reusable-sections\" class=\"h-section h-section-global-spacing d-flex align-items-lg-center align-items-md-center align-items-center style-1626 style-local-617-c2 position-relative\">\n    <!---->\n    <!---->\n    <div class=\"h-section-grid-container h-section-boxed-container\">\n      <!---->\n      <div data-colibri-id=\"617-c3\" class=\"h-row-container gutters-row-lg-0 gutters-row-md-0 gutters-row-0 gutters-row-v-lg-0 gutters-row-v-md-0 gutters-row-v-0 style-1627 style-local-617-c3 position-relative\">\n        <!---->\n        <div class=\"h-row justify-content-lg-center justify-content-md-center justify-content-center align-items-lg-stretch align-items-md-stretch align-items-stretch gutters-col-lg-0 gutters-col-md-0 gutters-col-0 gutters-col-v-lg-0 gutters-col-v-md-0 gutters-col-v-0\">\n          <!---->\n          <div class=\"h-column h-column-container d-flex h-col-lg-auto h-col-md-auto h-col-auto style-1628-outer style-local-617-c4-outer h-hide-sm\">\n            <div data-colibri-id=\"617-c4\" class=\"d-flex h-flex-basis h-column__inner h-px-lg-1 h-px-md-1 h-px-1 v-inner-lg-1 v-inner-md-1 v-inner-1 style-1628 style-local-617-c4 h-hide-sm position-relative\">\n              <!---->\n              <!---->\n              <div class=\"w-100 h-y-container h-column__content h-column__v-align flex-basis-100 align-self-lg-start align-self-md-start align-self-start\">\n                <!---->\n                <div data-colibri-id=\"617-c5\" class=\"h-row-container gutters-row-lg-2 gutters-row-md-2 gutters-row-0 gutters-row-v-lg-0 gutters-row-v-md-0 gutters-row-v-0 style-1629 style-local-617-c5 position-relative\">\n                  <!---->\n                  <div class=\"h-row justify-content-lg-start justify-content-md-start justify-content-start align-items-lg-stretch align-items-md-stretch align-items-stretch gutters-col-lg-2 gutters-col-md-2 gutters-col-0 gutters-col-v-lg-0 gutters-col-v-md-0 gutters-col-v-0\">\n                    <!---->\n                    <div class=\"h-column h-column-container d-flex h-col-lg-auto h-col-md-auto h-col-auto style-1630-outer style-local-617-c6-outer\">\n                      <div data-colibri-id=\"617-c6\" class=\"d-flex h-flex-basis h-column__inner h-px-lg-0 h-px-md-0 h-px-0 v-inner-lg-2 v-inner-md-2 v-inner-2 style-1630 style-local-617-c6 position-relative\">\n                        <!---->\n                        <!---->\n                        <div class=\"w-100 h-y-container h-column__content h-column__v-align flex-basis-auto align-self-lg-start align-self-md-start align-self-start\">\n                          <!---->\n                          <div data-colibri-id=\"617-c7\" class=\"h-x-container style-1631 style-local-617-c7 position-relative h-element\">\n                            <!---->\n                            <div class=\"h-x-container-inner style-dynamic-617-c7-group style-1631-spacing style-local-617-c7-spacing\"><span class=\"h-link__outer style-1632-outer style-local-617-c8-outer d-inline-flex h-element\"><a h-use-smooth-scroll=\"true\" href=\"https:\/\/sunnhaeusl.at\/en\/bildergallerie\/\"  data-colibri-id=\"617-c8\" class=\"d-flex w-100 align-items-center h-link style-1632 style-local-617-c8 position-relative\"><!----><!----> <span>picture gallery<\/span><\/a>\n                              <\/span>\n                            <\/div>\n                          <\/div>\n                        <\/div>\n                      <\/div>\n                    <\/div>\n                    <div class=\"h-column h-column-container d-flex h-col-lg-auto h-col-md-auto h-col-auto style-1630-outer style-local-617-c9-outer\">\n                      <div data-colibri-id=\"617-c9\" class=\"d-flex h-flex-basis h-column__inner h-px-lg-0 h-px-md-0 h-px-0 v-inner-lg-2 v-inner-md-2 v-inner-2 style-1630 style-local-617-c9 position-relative\">\n                        <!---->\n                        <!---->\n                        <div class=\"w-100 h-y-container h-column__content h-column__v-align flex-basis-auto align-self-lg-start align-self-md-start align-self-start\">\n                          <!---->\n                          <div data-colibri-id=\"617-c10\" class=\"h-x-container style-1631 style-local-617-c10 position-relative h-element\">\n                            <!---->\n                            <div class=\"h-x-container-inner style-dynamic-617-c10-group style-1631-spacing style-local-617-c10-spacing\"><span class=\"h-link__outer style-1632-outer style-local-617-c11-outer d-inline-flex h-element\"><a h-use-smooth-scroll=\"true\" href=\"https:\/\/sunnhaeusl.at\/en\/bildergallerie\/ihre-gastgeber\/\"  data-colibri-id=\"617-c11\" class=\"d-flex w-100 align-items-center h-link style-1632 style-local-617-c11 position-relative\"><!----><!----> <span>Your hosts<\/span><\/a>\n                              <\/span>\n                            <\/div>\n                          <\/div>\n                        <\/div>\n                      <\/div>\n                    <\/div>\n                    <div class=\"h-column h-column-container d-flex h-col-lg-auto h-col-md-auto h-col-auto style-1630-outer style-local-617-c12-outer\">\n                      <div data-colibri-id=\"617-c12\" class=\"d-flex h-flex-basis h-column__inner h-px-lg-0 h-px-md-0 h-px-0 v-inner-lg-2 v-inner-md-2 v-inner-2 style-1630 style-local-617-c12 position-relative\">\n                        <!---->\n                        <!---->\n                        <div class=\"w-100 h-y-container h-column__content h-column__v-align flex-basis-auto align-self-lg-start align-self-md-start align-self-start\">\n                          <!---->\n                          <div data-colibri-id=\"617-c13\" class=\"h-x-container style-1631 style-local-617-c13 position-relative h-element\">\n                            <!---->\n                            <div class=\"h-x-container-inner style-dynamic-617-c13-group style-1631-spacing style-local-617-c13-spacing\"><span class=\"h-link__outer style-1632-outer style-local-617-c14-outer d-inline-flex h-element\"><a h-use-smooth-scroll=\"true\" href=\"https:\/\/sunnhaeusl.at\/en\/bildergallerie\/links\/\"  data-colibri-id=\"617-c14\" class=\"d-flex w-100 align-items-center h-link style-1632 style-local-617-c14 position-relative\"><!----><!----> <span>Links<\/span><\/a>\n                              <\/span>\n                            <\/div>\n                          <\/div>\n                        <\/div>\n                      <\/div>\n                    <\/div>\n                  <\/div>\n                <\/div>\n              <\/div>\n            <\/div>\n          <\/div>\n        <\/div>\n      <\/div>\n    <\/div>\n  <\/div>\n  <div data-colibri-component=\"section\" data-colibri-id=\"617-c15\" id=\"custom\" class=\"h-section h-section-global-spacing d-flex align-items-lg-center align-items-md-center align-items-center style-896 style-local-617-c15 position-relative\">\n    <div class=\"background-wrapper\">\n      <div class=\"background-layer background-layer-media-container-lg\">\n        <!---->\n        <div class=\"overlay-layer\">\n          <div class=\"overlay-image-layer\" style=\"background-color: rgb(251, 249, 249); opacity: 0.5;\"><\/div>\n        <\/div>\n      <\/div>\n      <div class=\"background-layer background-layer-media-container-md\">\n        <!---->\n        <div class=\"overlay-layer\">\n          <div class=\"overlay-image-layer\" style=\"background-color: rgb(251, 249, 249); opacity: 0.5;\"><\/div>\n        <\/div>\n      <\/div>\n      <div class=\"background-layer background-layer-media-container\">\n        <!---->\n        <div class=\"overlay-layer\">\n          <div class=\"overlay-image-layer\" style=\"background-color: rgb(251, 249, 249); opacity: 0.5;\"><\/div>\n        <\/div>\n      <\/div>\n    <\/div>\n    <div class=\"h-separator\" style=\"height: 60px; top: calc(0px);\">\n      <svg style=\"fill:rgb(128, 0, 0);\" xmlns=\"http:\/\/www.w3.org\/2000\/svg\" viewbox=\"0 0 1000 100\" preserveaspectratio=\"none\">\n        <path class=\"svg-white-bg\" d=\"M421.9,6.5c22.6-2.5,51.5,0.4,75.5,5.3c23.6,4.9,70.9,23.5,100.5,35.7c75.8,32.2,133.7,44.5,192.6,49.7\tc23.6,2.1,48.7,3.5,103.4-2.5c54.7-6,106.2-25.6,106.2-25.6V0H0v30.3c0,0,72,32.6,158.4,30.5c39.2-0.7,92.8-6.7,134-22.4\tc21.2-8.1,52.2-18.2,79.7-24.2C399.3,7.9,411.6,7.5,421.9,6.5z\"><\/path>\n      <\/svg>\n    <\/div>\n    <div class=\"h-section-grid-container h-section-boxed-container\">\n      <!---->\n      <div data-colibri-id=\"617-c16\" class=\"h-row-container gutters-row-lg-2 gutters-row-md-2 gutters-row-2 gutters-row-v-lg-2 gutters-row-v-md-2 gutters-row-v-0 style-897 style-local-617-c16 position-relative\">\n        <!---->\n        <div class=\"h-row justify-content-lg-center justify-content-md-center justify-content-center align-items-lg-stretch align-items-md-stretch align-items-stretch gutters-col-lg-2 gutters-col-md-2 gutters-col-2 gutters-col-v-lg-2 gutters-col-v-md-2 gutters-col-v-0\">\n          <!---->\n          <div class=\"h-column h-column-container d-flex h-col-lg-auto h-col-md-auto h-col-auto style-898-outer style-local-617-c17-outer\">\n            <div data-colibri-id=\"617-c17\" class=\"d-flex h-flex-basis h-column__inner h-px-lg-0 h-px-md-0 h-px-0 v-inner-lg-0 v-inner-md-0 v-inner-0 style-898 style-local-617-c17 position-relative\">\n              <!---->\n              <!---->\n              <div class=\"w-100 h-y-container h-column__content h-column__v-align flex-basis-100 align-self-lg-start align-self-md-start align-self-start\">\n                <!---->\n                <div data-colibri-id=\"617-c18\" class=\"h-text h-text-component style-899 style-local-617-c18 position-relative h-element\">\n                  <!---->\n                  <!---->\n                  <div class=\"\">\n                    <h5>your host family<\/h5>\n                  <\/div>\n                <\/div>\n                <div data-colibri-id=\"617-c19\" class=\"h-divider style-900 style-local-617-c19 position-relative h-element\">\n                  <!----><span class=\"h-divider__line style-900-line style-local-617-c19-line style-900-line style-local-617-c19-line\"><\/span><\/div>\n                <div data-colibri-id=\"617-c20\" class=\"h-text h-text-component style-901 style-local-617-c20 position-relative h-element\">\n                  <!---->\n                  <!---->\n                  <div class=\"\">\n                    <h2>Family Harlander-Stoffel<\/h2>\n                  <\/div>\n                <\/div>\n                <div data-colibri-id=\"617-c21\" class=\"h-text h-text-component style-902 style-local-617-c21 position-relative h-element\">\n                  <!---->\n                  <!---->\n                  <div class=\"\">\n                    <p>Our family welcomes guests over years in our house. the friendship with a lot of regluar guests from all over the world and the hearty, international flair in our house, we will never miss.<\/p>\n                    <p>We would be very glad to say welcome also to you in our house.<\/p>\n                  <\/div>\n                <\/div>\n                <div data-colibri-id=\"617-c22\" class=\"h-x-container style-903 style-local-617-c22 position-relative h-element\">\n                  <!---->\n                  <div class=\"h-x-container-inner style-dynamic-617-c22-group style-903-spacing style-local-617-c22-spacing\"><span class=\"h-button__outer style-904-outer style-local-617-c23-outer d-inline-flex h-element\"><a h-use-smooth-scroll=\"true\" href=\"https:\/\/sunnhaeusl.at\/en\/kontakt\/\"  data-colibri-id=\"617-c23\" class=\"d-flex w-100 align-items-center h-button justify-content-lg-center justify-content-md-center justify-content-center style-904 style-local-617-c23 position-relative\"><!----><!----> <span>write us<\/span><\/a>\n                    <\/span>\n                  <\/div>\n                <\/div>\n              <\/div>\n            <\/div>\n          <\/div>\n          <div class=\"h-column h-column-container d-flex h-col-lg-auto h-col-md-auto h-col-auto style-905-outer style-local-617-c24-outer\">\n            <div data-colibri-id=\"617-c24\" class=\"d-flex h-flex-basis h-column__inner h-px-lg-0 h-px-md-0 h-px-0 v-inner-lg-0 v-inner-md-0 v-inner-0 style-905 style-local-617-c24 position-relative\">\n              <!---->\n              <!---->\n              <div class=\"w-100 h-y-container h-column__content h-column__v-align flex-basis-100 align-self-lg-center align-self-md-center align-self-center\">\n                <!---->\n                <div data-colibri-id=\"617-c25\" class=\"d-block style-906 style-local-617-c25 position-relative h-element\">\n                  <!---->\n                  <div class=\"h-image__frame-container-outer\">\n                    <div class=\"h-image__frame-container\">\n                      <!---->\n                      <!---->\n                      <img loading=\"lazy\" decoding=\"async\" width=\"2537\" height=\"1263\" src=\"https:\/\/sunnhaeusl.at\/wp-content\/uploads\/2021\/05\/cropped-Haus-Harlandner-300-ppi-scaled-2.jpg\" class=\"wp-image-1014 style-906-image style-local-617-c25-image\" alt=\"\" srcset=\"https:\/\/sunnhaeusl.at\/wp-content\/uploads\/2021\/05\/cropped-Haus-Harlandner-300-ppi-scaled-2.jpg 2537w, https:\/\/sunnhaeusl.at\/wp-content\/uploads\/2021\/05\/cropped-Haus-Harlandner-300-ppi-scaled-2-300x149.jpg 300w, https:\/\/sunnhaeusl.at\/wp-content\/uploads\/2021\/05\/cropped-Haus-Harlandner-300-ppi-scaled-2-1024x510.jpg 1024w, https:\/\/sunnhaeusl.at\/wp-content\/uploads\/2021\/05\/cropped-Haus-Harlandner-300-ppi-scaled-2-768x382.jpg 768w, https:\/\/sunnhaeusl.at\/wp-content\/uploads\/2021\/05\/cropped-Haus-Harlandner-300-ppi-scaled-2-1536x765.jpg 1536w, https:\/\/sunnhaeusl.at\/wp-content\/uploads\/2021\/05\/cropped-Haus-Harlandner-300-ppi-scaled-2-2048x1020.jpg 2048w\" sizes=\"auto, (max-width: 2537px) 100vw, 2537px\" \/>\n                      <div class=\"h-image__frame h-hide-lg h-hide-md h-hide-sm style-906-frameImage style-local-617-c25-frameImage\"><\/div>\n                    <\/div>\n                  <\/div>\n                <\/div>\n              <\/div>\n            <\/div>\n          <\/div>\n        <\/div>\n      <\/div>\n    <\/div>\n  <\/div>\n<\/div>","protected":false},"excerpt":{"rendered":"<p>Bildergallerie Ihre Gastgeber Links Die Gastgeberfamilie Familie Harlander-Stoffel Unsere Familie hei\u00dft seit Jahren G\u00e4ste herzlich willkommen. Die Freundschaften mit vielen Stammg\u00e4sten in aller Welt und das herzlich, internationale Flair in unserem Haus m\u00f6chten wir niemals missen. Wir w\u00fcrden uns sehr freuen, auch Sie bei uns im Sunnh\u00e4usl in St. Veit im Pongau begr\u00fc\u00dfen zu d\u00fcrfen. [&hellip;]<\/p>\n","protected":false},"author":2,"featured_media":0,"parent":586,"menu_order":0,"comment_status":"closed","ping_status":"closed","template":"page-templates\/full-width-page.php","meta":{"footnotes":""},"class_list":["post-617","page","type-page","status-publish","hentry"],"_links":{"self":[{"href":"https:\/\/sunnhaeusl.at\/en\/wp-json\/wp\/v2\/pages\/617","targetHints":{"allow":["GET"]}}],"collection":[{"href":"https:\/\/sunnhaeusl.at\/en\/wp-json\/wp\/v2\/pages"}],"about":[{"href":"https:\/\/sunnhaeusl.at\/en\/wp-json\/wp\/v2\/types\/page"}],"author":[{"embeddable":true,"href":"https:\/\/sunnhaeusl.at\/en\/wp-json\/wp\/v2\/users\/2"}],"replies":[{"embeddable":true,"href":"https:\/\/sunnhaeusl.at\/en\/wp-json\/wp\/v2\/comments?post=617"}],"version-history":[{"count":11,"href":"https:\/\/sunnhaeusl.at\/en\/wp-json\/wp\/v2\/pages\/617\/revisions"}],"predecessor-version":[{"id":2527,"href":"https:\/\/sunnhaeusl.at\/en\/wp-json\/wp\/v2\/pages\/617\/revisions\/2527"}],"up":[{"embeddable":true,"href":"https:\/\/sunnhaeusl.at\/en\/wp-json\/wp\/v2\/pages\/586"}],"wp:attachment":[{"href":"https:\/\/sunnhaeusl.at\/en\/wp-json\/wp\/v2\/media?parent=617"}],"curies":[{"name":"wp","href":"https:\/\/api.w.org\/{rel}","templated":true}]}}