{"id":465,"date":"2021-05-05T15:16:04","date_gmt":"2021-05-05T15:16:04","guid":{"rendered":"https:\/\/sunnhaeusl-staging.obinet.at\/?page_id=465"},"modified":"2022-11-18T11:44:59","modified_gmt":"2022-11-18T11:44:59","slug":"lage","status":"publish","type":"page","link":"https:\/\/sunnhaeusl.at\/en\/haus\/lage\/","title":{"rendered":"Location"},"content":{"rendered":"<div data-colibri-id=\"465-c1\" class=\"style-676 style-local-465-c1 position-relative\">\n  <!---->\n  <div data-colibri-component=\"section\" data-colibri-id=\"465-c2\" id=\"reusable-sections\" class=\"h-section h-section-global-spacing d-flex align-items-lg-center align-items-md-center align-items-center style-1564 style-local-465-c2 position-relative\">\n    <!---->\n    <!---->\n    <div class=\"h-section-grid-container h-section-boxed-container\">\n      <!---->\n      <div data-colibri-id=\"465-c3\" class=\"h-row-container gutters-row-lg-0 gutters-row-md-0 gutters-row-0 gutters-row-v-lg-0 gutters-row-v-md-0 gutters-row-v-0 style-1565 style-local-465-c3 position-relative\">\n        <!---->\n        <div class=\"h-row justify-content-lg-center justify-content-md-center justify-content-center align-items-lg-stretch align-items-md-stretch align-items-stretch gutters-col-lg-0 gutters-col-md-0 gutters-col-0 gutters-col-v-lg-0 gutters-col-v-md-0 gutters-col-v-0\">\n          <!---->\n          <div class=\"h-column h-column-container d-flex h-col-lg-auto h-col-md-auto h-col-auto style-1566-outer style-local-465-c4-outer\">\n            <div data-colibri-id=\"465-c4\" class=\"d-flex h-flex-basis h-column__inner h-px-lg-1 h-px-md-1 h-px-1 v-inner-lg-1 v-inner-md-1 v-inner-1 style-1566 style-local-465-c4 position-relative\">\n              <!---->\n              <!---->\n              <div class=\"w-100 h-y-container h-column__content h-column__v-align flex-basis-100 align-self-lg-start align-self-md-start align-self-start\">\n                <!---->\n                <div data-colibri-id=\"465-c5\" class=\"h-row-container gutters-row-lg-2 gutters-row-md-2 gutters-row-0 gutters-row-v-lg-0 gutters-row-v-md-0 gutters-row-v-0 style-1567 style-local-465-c5 position-relative\">\n                  <!---->\n                  <div class=\"h-row justify-content-lg-start justify-content-md-start justify-content-start align-items-lg-stretch align-items-md-stretch align-items-stretch gutters-col-lg-2 gutters-col-md-2 gutters-col-0 gutters-col-v-lg-0 gutters-col-v-md-0 gutters-col-v-0\">\n                    <!---->\n                    <div class=\"h-column h-column-container d-flex h-col-lg-auto h-col-md-auto h-col-auto style-1568-outer style-local-465-c6-outer\">\n                      <div data-colibri-id=\"465-c6\" class=\"d-flex h-flex-basis h-column__inner h-px-lg-0 h-px-md-0 h-px-0 v-inner-lg-0 v-inner-md-0 v-inner-0 style-1568 style-local-465-c6 position-relative\">\n                        <!---->\n                        <!---->\n                        <div class=\"w-100 h-y-container h-column__content h-column__v-align flex-basis-auto align-self-lg-start align-self-md-start align-self-start\">\n                          <!---->\n                          <div data-colibri-id=\"465-c7\" class=\"h-x-container style-1569 style-local-465-c7 position-relative h-element\">\n                            <!---->\n                            <div class=\"h-x-container-inner style-dynamic-465-c7-group style-1569-spacing style-local-465-c7-spacing\"><span class=\"h-link__outer style-1570-outer style-local-465-c8-outer d-inline-flex h-element\"><a h-use-smooth-scroll=\"true\" href=\"https:\/\/sunnhaeusl.at\/en\/haus\/zimmer\/\"  data-colibri-id=\"465-c8\" class=\"d-flex w-100 align-items-center h-link style-1570 style-local-465-c8 position-relative\"><!----><!----> <span>Rooms<\/span><\/a>\n                              <\/span>\n                            <\/div>\n                          <\/div>\n                        <\/div>\n                      <\/div>\n                    <\/div>\n                    <div class=\"h-column h-column-container d-flex h-col-lg-auto h-col-md-auto h-col-auto style-1568-outer style-local-465-c9-outer\">\n                      <div data-colibri-id=\"465-c9\" class=\"d-flex h-flex-basis h-column__inner h-px-lg-0 h-px-md-0 h-px-0 v-inner-lg-0 v-inner-md-0 v-inner-0 style-1568 style-local-465-c9 position-relative\">\n                        <!---->\n                        <!---->\n                        <div class=\"w-100 h-y-container h-column__content h-column__v-align flex-basis-auto align-self-lg-start align-self-md-start align-self-start\">\n                          <!---->\n                          <div data-colibri-id=\"465-c10\" class=\"h-x-container style-1569 style-local-465-c10 position-relative h-element\">\n                            <!---->\n                            <div class=\"h-x-container-inner style-dynamic-465-c10-group style-1569-spacing style-local-465-c10-spacing\"><span class=\"h-link__outer style-1570-outer style-local-465-c11-outer d-inline-flex h-element\"><a h-use-smooth-scroll=\"true\" href=\"https:\/\/sunnhaeusl.at\/en\/haus\/appartement\/\"  data-colibri-id=\"465-c11\" class=\"d-flex w-100 align-items-center h-link style-1570 style-local-465-c11 position-relative\"><!----><!----> <span>Appartement<\/span><\/a>\n                              <\/span>\n                            <\/div>\n                          <\/div>\n                        <\/div>\n                      <\/div>\n                    <\/div>\n                    <div class=\"h-column h-column-container d-flex h-col-lg-auto h-col-md-auto h-col-auto style-1568-outer style-local-465-c12-outer\">\n                      <div data-colibri-id=\"465-c12\" class=\"d-flex h-flex-basis h-column__inner h-px-lg-0 h-px-md-0 h-px-0 v-inner-lg-0 v-inner-md-0 v-inner-0 style-1568 style-local-465-c12 position-relative\">\n                        <!---->\n                        <!---->\n                        <div class=\"w-100 h-y-container h-column__content h-column__v-align flex-basis-auto align-self-lg-start align-self-md-start align-self-start\">\n                          <!---->\n                          <div data-colibri-id=\"465-c13\" class=\"h-x-container style-1569 style-local-465-c13 position-relative h-element\">\n                            <!---->\n                            <div class=\"h-x-container-inner style-dynamic-465-c13-group style-1569-spacing style-local-465-c13-spacing\"><span class=\"h-link__outer style-1570-outer style-local-465-c14-outer d-inline-flex h-element\"><a h-use-smooth-scroll=\"true\" href=\"https:\/\/sunnhaeusl.at\/en\/haus\/innen\/\"  data-colibri-id=\"465-c14\" class=\"d-flex w-100 align-items-center h-link style-1570 style-local-465-c14 position-relative\"><!----><!----> <span>Indoor<\/span><\/a>\n                              <\/span>\n                            <\/div>\n                          <\/div>\n                        <\/div>\n                      <\/div>\n                    <\/div>\n                    <div class=\"h-column h-column-container d-flex h-col-lg-auto h-col-md-auto h-col-auto style-1568-outer style-local-465-c15-outer\">\n                      <div data-colibri-id=\"465-c15\" class=\"d-flex h-flex-basis h-column__inner h-px-lg-0 h-px-md-0 h-px-0 v-inner-lg-0 v-inner-md-0 v-inner-0 style-1568 style-local-465-c15 position-relative\">\n                        <!---->\n                        <!---->\n                        <div class=\"w-100 h-y-container h-column__content h-column__v-align flex-basis-auto align-self-lg-start align-self-md-start align-self-start\">\n                          <!---->\n                          <div data-colibri-id=\"465-c16\" class=\"h-x-container style-1569 style-local-465-c16 position-relative h-element\">\n                            <!---->\n                            <div class=\"h-x-container-inner style-dynamic-465-c16-group style-1569-spacing style-local-465-c16-spacing\"><span class=\"h-link__outer style-1570-outer style-local-465-c17-outer d-inline-flex h-element\"><a h-use-smooth-scroll=\"true\" href=\"https:\/\/sunnhaeusl.at\/en\/haus\/aussen\/\"  data-colibri-id=\"465-c17\" class=\"d-flex w-100 align-items-center h-link style-1570 style-local-465-c17 position-relative\"><!----><!----> <span>Outside<\/span><\/a>\n                              <\/span>\n                            <\/div>\n                          <\/div>\n                        <\/div>\n                      <\/div>\n                    <\/div>\n                    <div class=\"h-column h-column-container d-flex h-col-lg-auto h-col-md-auto h-col-auto style-1568-outer style-local-465-c18-outer\">\n                      <div data-colibri-id=\"465-c18\" class=\"d-flex h-flex-basis h-column__inner h-px-lg-0 h-px-md-0 h-px-0 v-inner-lg-0 v-inner-md-0 v-inner-0 style-1568 style-local-465-c18 position-relative\">\n                        <!---->\n                        <!---->\n                        <div class=\"w-100 h-y-container h-column__content h-column__v-align flex-basis-auto align-self-lg-start align-self-md-start align-self-start\">\n                          <!---->\n                          <div data-colibri-id=\"465-c19\" class=\"h-x-container style-1569 style-local-465-c19 position-relative h-element\">\n                            <!---->\n                            <div class=\"h-x-container-inner style-dynamic-465-c19-group style-1569-spacing style-local-465-c19-spacing\"><span class=\"h-link__outer style-1570-outer style-local-465-c20-outer d-inline-flex h-element\"><a h-use-smooth-scroll=\"true\" href=\"https:\/\/sunnhaeusl.at\/en\/haus\/lage\/\"  data-colibri-id=\"465-c20\" class=\"d-flex w-100 align-items-center h-link style-1570 style-local-465-c20 position-relative\"><!----><!----> <span>Location<\/span><\/a>\n                              <\/span>\n                            <\/div>\n                          <\/div>\n                        <\/div>\n                      <\/div>\n                    <\/div>\n                  <\/div>\n                <\/div>\n              <\/div>\n            <\/div>\n          <\/div>\n        <\/div>\n      <\/div>\n    <\/div>\n  <\/div>\n  <div data-colibri-component=\"section\" data-colibri-id=\"465-c21\" id=\"custom\" class=\"h-section h-section-global-spacing d-flex align-items-lg-center align-items-md-center align-items-center style-690 style-local-465-c21 position-relative\">\n    <!---->\n    <div class=\"h-separator\" style=\"height: 100px; top: calc(0px);\">\n      <svg style=\"fill:rgb(128, 0, 0);\" xmlns=\"http:\/\/www.w3.org\/2000\/svg\" viewbox=\"0 0 1000 100\" preserveaspectratio=\"none\">\n        <path class=\"svg-white-bg\" d=\"M421.9,6.5c22.6-2.5,51.5,0.4,75.5,5.3c23.6,4.9,70.9,23.5,100.5,35.7c75.8,32.2,133.7,44.5,192.6,49.7\tc23.6,2.1,48.7,3.5,103.4-2.5c54.7-6,106.2-25.6,106.2-25.6V0H0v30.3c0,0,72,32.6,158.4,30.5c39.2-0.7,92.8-6.7,134-22.4\tc21.2-8.1,52.2-18.2,79.7-24.2C399.3,7.9,411.6,7.5,421.9,6.5z\"><\/path>\n      <\/svg>\n    <\/div>\n    <div class=\"h-section-grid-container h-section-boxed-container\">\n      <!---->\n      <div data-colibri-id=\"465-c22\" class=\"h-row-container gutters-row-lg-2 gutters-row-md-2 gutters-row-0 gutters-row-v-lg-2 gutters-row-v-md-2 gutters-row-v-2 style-691 style-local-465-c22 position-relative\">\n        <!---->\n        <div class=\"h-row justify-content-lg-center justify-content-md-center justify-content-center align-items-lg-stretch align-items-md-stretch align-items-stretch gutters-col-lg-2 gutters-col-md-2 gutters-col-0 gutters-col-v-lg-2 gutters-col-v-md-2 gutters-col-v-2\">\n          <!---->\n          <div class=\"h-column h-column-container d-flex h-col-lg-auto h-col-md-auto h-col-auto style-692-outer style-local-465-c23-outer\">\n            <div data-colibri-id=\"465-c23\" class=\"d-flex h-flex-basis h-column__inner h-px-lg-2 h-px-md-2 h-px-2 v-inner-lg-2 v-inner-md-2 v-inner-2 style-692 style-local-465-c23 position-relative\">\n              <!---->\n              <!---->\n              <div class=\"w-100 h-y-container h-column__content h-column__v-align flex-basis-100 align-self-lg-center align-self-md-center align-self-center\">\n                <!---->\n                <div data-colibri-id=\"465-c24\" class=\"h-text h-text-component style-693 style-local-465-c24 position-relative h-element\">\n                  <!---->\n                  <!---->\n                  <div class=\"\">\n                    <h3>Location<\/h3>\n                  <\/div>\n                <\/div>\n                <div data-colibri-id=\"465-c25\" class=\"h-text h-text-component style-695 style-local-465-c25 position-relative h-element\">\n                  <!---->\n                  <!---->\n                  <div class=\"\">\n                    <p class=\"translation-block\">In the centre of austria, in the centre of salzburg, is the <strong>plateau<\/strong> Sonnenterrasse situated above the valley of the salzach.<\/p>\n                    <p class=\"translation-block\">The wide view in the mountains of the hohen Tauern, the central situation in the region and also the good weather conditions makes our home town to nice.<\/p>\n                    <p>In the north protect the Hochk\u00f6nig, in the south the Hohen Tauern. This natural reasons makes a lot of hours of sun possible.<\/p>\n                  <\/div>\n                <\/div>\n              <\/div>\n            <\/div>\n          <\/div>\n          <div class=\"h-column h-column-container d-flex h-col-lg-auto h-col-md-auto h-col-auto style-692-outer style-local-465-c26-outer\">\n            <div data-colibri-id=\"465-c26\" class=\"d-flex h-flex-basis h-column__inner h-px-lg-2 h-px-md-2 h-px-2 v-inner-lg-2 v-inner-md-2 v-inner-2 style-692 style-local-465-c26 position-relative\">\n              <!---->\n              <!---->\n              <div class=\"w-100 h-y-container h-column__content h-column__v-align flex-basis-100 align-self-lg-center align-self-md-center align-self-center\">\n                <!---->\n                <div data-colibri-id=\"465-c27\" class=\"d-block style-706 style-local-465-c27 position-relative h-element\">\n                  <!---->\n                  <div class=\"h-image__frame-container-outer\">\n                    <div class=\"h-image__frame-container\">\n                      <!---->\n                      <!---->\n                      <img loading=\"lazy\" decoding=\"async\" width=\"535\" height=\"440\" src=\"https:\/\/sunnhaeusl.at\/wp-content\/uploads\/2021\/05\/salzburg.jpg\" class=\"wp-image-468 style-706-image style-local-465-c27-image\" alt=\"\" srcset=\"https:\/\/sunnhaeusl.at\/wp-content\/uploads\/2021\/05\/salzburg.jpg 535w, https:\/\/sunnhaeusl.at\/wp-content\/uploads\/2021\/05\/salzburg-300x247.jpg 300w\" sizes=\"auto, (max-width: 535px) 100vw, 535px\" \/>\n                      <div class=\"h-image__frame h-hide-lg h-hide-md h-hide-sm style-706-frameImage style-local-465-c27-frameImage\"><\/div>\n                    <\/div>\n                  <\/div>\n                <\/div>\n              <\/div>\n            <\/div>\n          <\/div>\n          <div class=\"h-column h-column-container d-flex h-col-lg-auto h-col-md-auto h-col-auto style-696-outer style-local-465-c28-outer\">\n            <div data-colibri-id=\"465-c28\" class=\"d-flex h-flex-basis h-column__inner h-px-lg-2 h-px-md-2 h-px-2 v-inner-lg-2 v-inner-md-2 v-inner-2 style-696 style-local-465-c28 position-relative\">\n              <!---->\n              <!---->\n              <div class=\"w-100 h-y-container h-column__content h-column__v-align flex-basis-100 align-self-lg-center align-self-md-center align-self-center\">\n                <!---->\n                <div data-colibri-id=\"465-c29\" class=\"d-block style-697 style-local-465-c29 position-relative h-element\">\n                  <!---->\n                  <div class=\"h-image__frame-container-outer\">\n                    <div class=\"h-image__frame-container\">\n                      <!---->\n                      <!---->\n                      <img loading=\"lazy\" decoding=\"async\" width=\"535\" height=\"440\" src=\"https:\/\/sunnhaeusl.at\/wp-content\/uploads\/2021\/05\/ort.jpg\" class=\"wp-image-469 style-697-image style-local-465-c29-image\" alt=\"\" srcset=\"https:\/\/sunnhaeusl.at\/wp-content\/uploads\/2021\/05\/ort.jpg 535w, https:\/\/sunnhaeusl.at\/wp-content\/uploads\/2021\/05\/ort-300x247.jpg 300w\" sizes=\"auto, (max-width: 535px) 100vw, 535px\" \/>\n                      <div class=\"h-image__frame h-hide-lg h-hide-md h-hide-sm style-697-frameImage style-local-465-c29-frameImage\"><\/div>\n                    <\/div>\n                  <\/div>\n                <\/div>\n              <\/div>\n            <\/div>\n          <\/div>\n          <div class=\"h-column h-column-container d-flex h-col-lg-auto h-col-md-auto h-col-auto style-696-outer style-local-465-c30-outer\">\n            <div data-colibri-id=\"465-c30\" class=\"d-flex h-flex-basis h-column__inner h-px-lg-2 h-px-md-2 h-px-2 v-inner-lg-2 v-inner-md-2 v-inner-2 style-696 style-local-465-c30 position-relative\">\n              <!---->\n              <!---->\n              <div class=\"w-100 h-y-container h-column__content h-column__v-align flex-basis-100 align-self-lg-center align-self-md-center align-self-center\">\n                <!---->\n                <div data-colibri-id=\"465-c31\" class=\"h-text h-text-component style-693 style-local-465-c31 position-relative h-element\">\n                  <!---->\n                  <!---->\n                  <div class=\"\">\n                    <h3>in the home town<\/h3>\n                  <\/div>\n                <\/div>\n                <div data-colibri-id=\"465-c32\" class=\"h-text h-text-component style-695 style-local-465-c32 position-relative h-element\">\n                  <!---->\n                  <!---->\n                  <div class=\"\">\n                    <p>Our house is situated bit out of the centre. in 2 - 3 minutes per feed you will reach every important facility.<\/p>\n                    <p>Our guests always mention: \"a bit outside and really in the centre.\" We think, this words are describing it.<\/p>\n                    <p>Our situation offers a perfect relaxing holiday and a activ holiday, if you like. We are the perfect starting point to enjoy a lot of hiking and walking tours in the home town.<\/p>\n                  <\/div>\n                <\/div>\n              <\/div>\n            <\/div>\n          <\/div>\n          <div class=\"h-column h-column-container d-flex h-col-lg-auto h-col-md-auto h-col-auto style-696-outer style-local-465-c33-outer\">\n            <div data-colibri-id=\"465-c33\" class=\"d-flex h-flex-basis h-column__inner h-px-lg-2 h-px-md-2 h-px-2 v-inner-lg-2 v-inner-md-2 v-inner-2 style-696 style-local-465-c33 position-relative\">\n              <!---->\n              <!---->\n              <div class=\"w-100 h-y-container h-column__content h-column__v-align flex-basis-100 align-self-lg-center align-self-md-center align-self-center\">\n                <!---->\n                <div data-colibri-id=\"465-c34\" class=\"h-text h-text-component style-693 style-local-465-c34 position-relative h-element\">\n                  <!---->\n                  <!---->\n                  <div class=\"\">\n                    <h3>in the region<\/h3>\n                  <\/div>\n                <\/div>\n                <div data-colibri-id=\"465-c35\" class=\"h-text h-text-component style-695 style-local-465-c35 position-relative h-element\">\n                  <!---->\n                  <!---->\n                  <div class=\"\">\n                    <p>Seen regional, there is no better starting point to discover our home country. in about an hour you will reach every important sight seeing point in salzburgerland.<\/p>\n                    <p>40 minutes to the city of salzburg and to the Gro\u00dfglockner. paintable moutain city like Zell am See, St. Johann and Bischofshofen are situated around St. Veit.<\/p>\n                    <p class=\"translation-block\">In the heart of ski amade you can use your ski pass to the full and the ski areas in Gasteinertal, Gro\u00dfarltal, Wagrain \/ St. Johann \/ Alpendorf, M\u00fchlbach \/ Dienten \/ Maria Alm or Radtstadt \/ Schladming \/ Altenmarkt \/ Zauchensee can be reached quickly.<\/p>\n                  <\/div>\n                <\/div>\n              <\/div>\n            <\/div>\n          <\/div>\n          <div class=\"h-column h-column-container d-flex h-col-lg-auto h-col-md-auto h-col-auto style-716-outer style-local-465-c36-outer\">\n            <div data-colibri-id=\"465-c36\" class=\"d-flex h-flex-basis h-column__inner h-ui-empty-state-container h-px-lg-2 h-px-md-2 h-px-2 v-inner-lg-2 v-inner-md-2 v-inner-2 style-716 style-local-465-c36 position-relative\">\n              <!---->\n              <!---->\n              <div class=\"w-100 h-y-container h-column__content h-column__v-align flex-basis-100\">\n                <!---->\n              <\/div>\n            <\/div>\n          <\/div>\n        <\/div>\n      <\/div>\n    <\/div>\n  <\/div>\n<\/div>","protected":false},"excerpt":{"rendered":"<p>Zimmer Appartement Innen Aussen Lage Lage Im zentralsten Bundesland \u00d6sterreichs, Salzburg, thront das&nbsp;Hochplateau&nbsp;Sonnenterrasse \u00fcber dem Salzachtal. Der&nbsp;weite Blick&nbsp;in die Bergwelt der Hohen Tauern, die&nbsp;zentrale Lage im Salzburgerland&nbsp;sowie die&nbsp;gute Wetterlage&nbsp;der Sonnenterrasse machen unseren Heimatort so beliebt. Im Norden sch\u00fctzt uns der Hochk\u00f6nig, im S\u00fcden das Massiv der Hohen Tauern. Diese nat\u00fcrliche Gegebenheit erm\u00f6glicht uns viele Sonnenstunden. [&hellip;]<\/p>\n","protected":false},"author":2,"featured_media":0,"parent":69,"menu_order":0,"comment_status":"closed","ping_status":"closed","template":"page-templates\/full-width-page.php","meta":{"footnotes":""},"class_list":["post-465","page","type-page","status-publish","hentry"],"_links":{"self":[{"href":"https:\/\/sunnhaeusl.at\/en\/wp-json\/wp\/v2\/pages\/465","targetHints":{"allow":["GET"]}}],"collection":[{"href":"https:\/\/sunnhaeusl.at\/en\/wp-json\/wp\/v2\/pages"}],"about":[{"href":"https:\/\/sunnhaeusl.at\/en\/wp-json\/wp\/v2\/types\/page"}],"author":[{"embeddable":true,"href":"https:\/\/sunnhaeusl.at\/en\/wp-json\/wp\/v2\/users\/2"}],"replies":[{"embeddable":true,"href":"https:\/\/sunnhaeusl.at\/en\/wp-json\/wp\/v2\/comments?post=465"}],"version-history":[{"count":5,"href":"https:\/\/sunnhaeusl.at\/en\/wp-json\/wp\/v2\/pages\/465\/revisions"}],"predecessor-version":[{"id":2307,"href":"https:\/\/sunnhaeusl.at\/en\/wp-json\/wp\/v2\/pages\/465\/revisions\/2307"}],"up":[{"embeddable":true,"href":"https:\/\/sunnhaeusl.at\/en\/wp-json\/wp\/v2\/pages\/69"}],"wp:attachment":[{"href":"https:\/\/sunnhaeusl.at\/en\/wp-json\/wp\/v2\/media?parent=465"}],"curies":[{"name":"wp","href":"https:\/\/api.w.org\/{rel}","templated":true}]}}