{"id":416,"date":"2021-05-05T14:29:23","date_gmt":"2021-05-05T14:29:23","guid":{"rendered":"https:\/\/sunnhaeusl-staging.obinet.at\/?page_id=416"},"modified":"2023-02-16T10:25:07","modified_gmt":"2023-02-16T10:25:07","slug":"innen","status":"publish","type":"page","link":"https:\/\/sunnhaeusl.at\/en\/haus\/innen\/","title":{"rendered":"Indoor"},"content":{"rendered":"<div data-colibri-id=\"416-c1\" class=\"style-554 style-local-416-c1 position-relative\">\n  <!---->\n  <div data-colibri-component=\"section\" data-colibri-id=\"416-c2\" id=\"reusable-sections\" class=\"h-section h-section-global-spacing d-flex align-items-lg-center align-items-md-center align-items-center style-1512 style-local-416-c2 position-relative\">\n    <!---->\n    <!---->\n    <div class=\"h-section-grid-container h-section-boxed-container\">\n      <!---->\n      <div data-colibri-id=\"416-c3\" class=\"h-row-container gutters-row-lg-0 gutters-row-md-0 gutters-row-0 gutters-row-v-lg-0 gutters-row-v-md-0 gutters-row-v-0 style-1513 style-local-416-c3 position-relative\">\n        <!---->\n        <div class=\"h-row justify-content-lg-center justify-content-md-center justify-content-center align-items-lg-stretch align-items-md-stretch align-items-stretch gutters-col-lg-0 gutters-col-md-0 gutters-col-0 gutters-col-v-lg-0 gutters-col-v-md-0 gutters-col-v-0\">\n          <!---->\n          <div class=\"h-column h-column-container d-flex h-col-lg-auto h-col-md-auto h-col-auto style-1514-outer style-local-416-c4-outer\">\n            <div data-colibri-id=\"416-c4\" class=\"d-flex h-flex-basis h-column__inner h-px-lg-1 h-px-md-1 h-px-1 v-inner-lg-1 v-inner-md-1 v-inner-1 style-1514 style-local-416-c4 position-relative\">\n              <!---->\n              <!---->\n              <div class=\"w-100 h-y-container h-column__content h-column__v-align flex-basis-100 align-self-lg-start align-self-md-start align-self-start\">\n                <!---->\n                <div data-colibri-id=\"416-c5\" class=\"h-row-container gutters-row-lg-2 gutters-row-md-2 gutters-row-0 gutters-row-v-lg-0 gutters-row-v-md-0 gutters-row-v-0 style-1515 style-local-416-c5 position-relative\">\n                  <!---->\n                  <div class=\"h-row justify-content-lg-start justify-content-md-start justify-content-start align-items-lg-stretch align-items-md-stretch align-items-stretch gutters-col-lg-2 gutters-col-md-2 gutters-col-0 gutters-col-v-lg-0 gutters-col-v-md-0 gutters-col-v-0\">\n                    <!---->\n                    <div class=\"h-column h-column-container d-flex h-col-lg-auto h-col-md-auto h-col-auto style-1516-outer style-local-416-c6-outer\">\n                      <div data-colibri-id=\"416-c6\" class=\"d-flex h-flex-basis h-column__inner h-px-lg-0 h-px-md-0 h-px-0 v-inner-lg-0 v-inner-md-0 v-inner-0 style-1516 style-local-416-c6 position-relative\">\n                        <!---->\n                        <!---->\n                        <div class=\"w-100 h-y-container h-column__content h-column__v-align flex-basis-auto align-self-lg-start align-self-md-start align-self-start\">\n                          <!---->\n                          <div data-colibri-id=\"416-c7\" class=\"h-x-container style-1517 style-local-416-c7 position-relative h-element\">\n                            <!---->\n                            <div class=\"h-x-container-inner style-dynamic-416-c7-group style-1517-spacing style-local-416-c7-spacing\"><span class=\"h-link__outer style-1518-outer style-local-416-c8-outer d-inline-flex h-element\"><a h-use-smooth-scroll=\"true\" href=\"https:\/\/sunnhaeusl.at\/en\/haus\/zimmer\/\"  data-colibri-id=\"416-c8\" class=\"d-flex w-100 align-items-center h-link style-1518 style-local-416-c8 position-relative\"><!----><!----> <span>Rooms<\/span><\/a>\n                              <\/span>\n                            <\/div>\n                          <\/div>\n                        <\/div>\n                      <\/div>\n                    <\/div>\n                    <div class=\"h-column h-column-container d-flex h-col-lg-auto h-col-md-auto h-col-auto style-1516-outer style-local-416-c9-outer\">\n                      <div data-colibri-id=\"416-c9\" class=\"d-flex h-flex-basis h-column__inner h-px-lg-0 h-px-md-0 h-px-0 v-inner-lg-0 v-inner-md-0 v-inner-0 style-1516 style-local-416-c9 position-relative\">\n                        <!---->\n                        <!---->\n                        <div class=\"w-100 h-y-container h-column__content h-column__v-align flex-basis-auto align-self-lg-start align-self-md-start align-self-start\">\n                          <!---->\n                          <div data-colibri-id=\"416-c10\" class=\"h-x-container style-1517 style-local-416-c10 position-relative h-element\">\n                            <!---->\n                            <div class=\"h-x-container-inner style-dynamic-416-c10-group style-1517-spacing style-local-416-c10-spacing\"><span class=\"h-link__outer style-1518-outer style-local-416-c11-outer d-inline-flex h-element\"><a h-use-smooth-scroll=\"true\" href=\"https:\/\/sunnhaeusl.at\/en\/haus\/appartement\/\"  data-colibri-id=\"416-c11\" class=\"d-flex w-100 align-items-center h-link style-1518 style-local-416-c11 position-relative\"><!----><!----> <span>Appartement<\/span><\/a>\n                              <\/span>\n                            <\/div>\n                          <\/div>\n                        <\/div>\n                      <\/div>\n                    <\/div>\n                    <div class=\"h-column h-column-container d-flex h-col-lg-auto h-col-md-auto h-col-auto style-1516-outer style-local-416-c12-outer\">\n                      <div data-colibri-id=\"416-c12\" class=\"d-flex h-flex-basis h-column__inner h-px-lg-0 h-px-md-0 h-px-0 v-inner-lg-0 v-inner-md-0 v-inner-0 style-1516 style-local-416-c12 position-relative\">\n                        <!---->\n                        <!---->\n                        <div class=\"w-100 h-y-container h-column__content h-column__v-align flex-basis-auto align-self-lg-start align-self-md-start align-self-start\">\n                          <!---->\n                          <div data-colibri-id=\"416-c13\" class=\"h-x-container style-1517 style-local-416-c13 position-relative h-element\">\n                            <!---->\n                            <div class=\"h-x-container-inner style-dynamic-416-c13-group style-1517-spacing style-local-416-c13-spacing\"><span class=\"h-link__outer style-1518-outer style-local-416-c14-outer d-inline-flex h-element\"><a h-use-smooth-scroll=\"true\" href=\"https:\/\/sunnhaeusl.at\/en\/haus\/innen\/\"  data-colibri-id=\"416-c14\" class=\"d-flex w-100 align-items-center h-link style-1518 style-local-416-c14 position-relative\"><!----><!----> <span>Indoor<\/span><\/a>\n                              <\/span>\n                            <\/div>\n                          <\/div>\n                        <\/div>\n                      <\/div>\n                    <\/div>\n                    <div class=\"h-column h-column-container d-flex h-col-lg-auto h-col-md-auto h-col-auto style-1516-outer style-local-416-c15-outer\">\n                      <div data-colibri-id=\"416-c15\" class=\"d-flex h-flex-basis h-column__inner h-px-lg-0 h-px-md-0 h-px-0 v-inner-lg-0 v-inner-md-0 v-inner-0 style-1516 style-local-416-c15 position-relative\">\n                        <!---->\n                        <!---->\n                        <div class=\"w-100 h-y-container h-column__content h-column__v-align flex-basis-auto align-self-lg-start align-self-md-start align-self-start\">\n                          <!---->\n                          <div data-colibri-id=\"416-c16\" class=\"h-x-container style-1517 style-local-416-c16 position-relative h-element\">\n                            <!---->\n                            <div class=\"h-x-container-inner style-dynamic-416-c16-group style-1517-spacing style-local-416-c16-spacing\"><span class=\"h-link__outer style-1518-outer style-local-416-c17-outer d-inline-flex h-element\"><a h-use-smooth-scroll=\"true\" href=\"https:\/\/sunnhaeusl.at\/en\/haus\/aussen\/\"  data-colibri-id=\"416-c17\" class=\"d-flex w-100 align-items-center h-link style-1518 style-local-416-c17 position-relative\"><!----><!----> <span>Outside<\/span><\/a>\n                              <\/span>\n                            <\/div>\n                          <\/div>\n                        <\/div>\n                      <\/div>\n                    <\/div>\n                    <div class=\"h-column h-column-container d-flex h-col-lg-auto h-col-md-auto h-col-auto style-1516-outer style-local-416-c18-outer\">\n                      <div data-colibri-id=\"416-c18\" class=\"d-flex h-flex-basis h-column__inner h-px-lg-0 h-px-md-0 h-px-0 v-inner-lg-0 v-inner-md-0 v-inner-0 style-1516 style-local-416-c18 position-relative\">\n                        <!---->\n                        <!---->\n                        <div class=\"w-100 h-y-container h-column__content h-column__v-align flex-basis-auto align-self-lg-start align-self-md-start align-self-start\">\n                          <!---->\n                          <div data-colibri-id=\"416-c19\" class=\"h-x-container style-1517 style-local-416-c19 position-relative h-element\">\n                            <!---->\n                            <div class=\"h-x-container-inner style-dynamic-416-c19-group style-1517-spacing style-local-416-c19-spacing\"><span class=\"h-link__outer style-1518-outer style-local-416-c20-outer d-inline-flex h-element\"><a h-use-smooth-scroll=\"true\" href=\"https:\/\/sunnhaeusl.at\/en\/haus\/lage\/\"  data-colibri-id=\"416-c20\" class=\"d-flex w-100 align-items-center h-link style-1518 style-local-416-c20 position-relative\"><!----><!----> <span>Location<\/span><\/a>\n                              <\/span>\n                            <\/div>\n                          <\/div>\n                        <\/div>\n                      <\/div>\n                    <\/div>\n                  <\/div>\n                <\/div>\n              <\/div>\n            <\/div>\n          <\/div>\n        <\/div>\n      <\/div>\n    <\/div>\n  <\/div>\n  <div data-colibri-component=\"section\" data-colibri-id=\"416-c21\" id=\"photo-gallery\" class=\"h-section h-section-global-spacing d-flex align-items-lg-center align-items-md-center align-items-center style-623 style-local-416-c21 position-relative\">\n    <!---->\n    <!---->\n    <div class=\"h-section-grid-container h-section-fluid-container\">\n      <!---->\n      <div data-colibri-id=\"416-c22\" class=\"h-row-container gutters-row-lg-0 gutters-row-md-0 gutters-row-0 gutters-row-v-lg-0 gutters-row-v-md-0 gutters-row-v-0 style-624 style-local-416-c22 position-relative\">\n        <!---->\n        <div class=\"h-row justify-content-lg-center justify-content-md-center justify-content-center align-items-lg-stretch align-items-md-stretch align-items-stretch gutters-col-lg-0 gutters-col-md-0 gutters-col-0 gutters-col-v-lg-0 gutters-col-v-md-0 gutters-col-v-0\">\n          <!---->\n          <div class=\"h-column h-column-container d-flex h-col-lg-auto h-col-md-auto h-col-auto style-625-outer style-local-416-c23-outer\">\n            <div data-colibri-id=\"416-c23\" class=\"d-flex h-flex-basis h-column__inner h-px-lg-0 h-px-md-0 h-px-0 v-inner-lg-0 v-inner-md-0 v-inner-0 style-625 style-local-416-c23 position-relative\">\n              <!---->\n              <!---->\n              <div class=\"w-100 h-y-container h-column__content h-column__v-align flex-basis-100 align-self-lg-start align-self-md-start align-self-start\">\n                <!---->\n                <div data-colibri-component=\"\" data-colibri-id=\"416-c24\" class=\"h-photo-gallery margin-none caption-none photo-gallery--with-hover-effect photo-gallery--with-hover-effect--zoom style-626 style-local-416-c24 position-relative h-element\">\n                  <!---->\n                  <div class=\"h-global-transition-all\"><div id='colibri-416-c24' class='gallery-wrapper'>    <style type=\"text\/css\">\n\n        @media (min-width: 1023px) {        #colibri-416-c24        dl {\n            float: left;\n            width: 20% !important;\n            max-width: 20% !important;\n            min-width: 20% !important;\n        }\n\n        #colibri-416-c24        dl:nth-of-type(5n +1 ) {\n            clear: both;\n        }\n\n        }@media (min-width: 768px) and (max-width: 1023px) {        #colibri-416-c24        dl {\n            float: left;\n            width: 20% !important;\n            max-width: 20% !important;\n            min-width: 20% !important;\n        }\n\n        #colibri-416-c24        dl:nth-of-type(5n +1 ) {\n            clear: both;\n        }\n\n        }@media (max-width: 767px) {        #colibri-416-c24        dl {\n            float: left;\n            width: 50% !important;\n            max-width: 50% !important;\n            min-width: 50% !important;\n        }\n\n        #colibri-416-c24        dl:nth-of-type(2n +1 ) {\n            clear: both;\n        }\n\n        }\n        #colibri-416-c24        .gallery-item {\n            position: relative;\n        }\n\n        \n    <\/style>\n    <div   class='colibri-416-c24-dls-wrapper gallery-items-wrapper' ><dl class='gallery-item masonry-item'>\n\t\t\t<dt class='gallery-icon landscape'>\n\t\t\t\t<img loading=\"lazy\" decoding=\"async\"  width=\"300\" height=\"225\" src=\"https:\/\/sunnhaeusl.at\/wp-content\/uploads\/2021\/05\/IMG_0775-1024x768-1-300x225.jpg\"  class='colibri-416-c24-image' alt=\"\" srcset=\"https:\/\/sunnhaeusl.at\/wp-content\/uploads\/2021\/05\/IMG_0775-1024x768-1-300x225.jpg 300w, https:\/\/sunnhaeusl.at\/wp-content\/uploads\/2021\/05\/IMG_0775-1024x768-1-768x576.jpg 768w, https:\/\/sunnhaeusl.at\/wp-content\/uploads\/2021\/05\/IMG_0775-1024x768-1.jpg 1024w\" sizes=\"auto, (max-width: 300px) 100vw, 300px\" \/>\n\t\t\t<\/dt><\/dl><dl class='gallery-item masonry-item'>\n\t\t\t<dt class='gallery-icon landscape'>\n\t\t\t\t<img loading=\"lazy\" decoding=\"async\"  width=\"300\" height=\"225\" src=\"https:\/\/sunnhaeusl.at\/wp-content\/uploads\/2021\/05\/cropped-fruhstucksraum-neu-bar-300x225.jpg\"  class='colibri-416-c24-image' alt=\"\" srcset=\"https:\/\/sunnhaeusl.at\/wp-content\/uploads\/2021\/05\/cropped-fruhstucksraum-neu-bar-300x225.jpg 300w, https:\/\/sunnhaeusl.at\/wp-content\/uploads\/2021\/05\/cropped-fruhstucksraum-neu-bar.jpg 574w\" sizes=\"auto, (max-width: 300px) 100vw, 300px\" \/>\n\t\t\t<\/dt><\/dl><dl class='gallery-item masonry-item'>\n\t\t\t<dt class='gallery-icon landscape'>\n\t\t\t\t<img loading=\"lazy\" decoding=\"async\"  width=\"300\" height=\"225\" src=\"https:\/\/sunnhaeusl.at\/wp-content\/uploads\/2021\/05\/IMG_0780-1-1024x768-1-300x225.jpg\"  class='colibri-416-c24-image' alt=\"\" srcset=\"https:\/\/sunnhaeusl.at\/wp-content\/uploads\/2021\/05\/IMG_0780-1-1024x768-1-300x225.jpg 300w, https:\/\/sunnhaeusl.at\/wp-content\/uploads\/2021\/05\/IMG_0780-1-1024x768-1-768x576.jpg 768w, https:\/\/sunnhaeusl.at\/wp-content\/uploads\/2021\/05\/IMG_0780-1-1024x768-1.jpg 1024w\" sizes=\"auto, (max-width: 300px) 100vw, 300px\" \/>\n\t\t\t<\/dt><\/dl><dl class='gallery-item masonry-item'>\n\t\t\t<dt class='gallery-icon landscape'>\n\t\t\t\t<img loading=\"lazy\" decoding=\"async\"  width=\"300\" height=\"225\" src=\"https:\/\/sunnhaeusl.at\/wp-content\/uploads\/2021\/05\/IMG_0783-1024x768-1-300x225.jpg\"  class='colibri-416-c24-image' alt=\"\" srcset=\"https:\/\/sunnhaeusl.at\/wp-content\/uploads\/2021\/05\/IMG_0783-1024x768-1-300x225.jpg 300w, https:\/\/sunnhaeusl.at\/wp-content\/uploads\/2021\/05\/IMG_0783-1024x768-1-768x576.jpg 768w, https:\/\/sunnhaeusl.at\/wp-content\/uploads\/2021\/05\/IMG_0783-1024x768-1.jpg 1024w\" sizes=\"auto, (max-width: 300px) 100vw, 300px\" \/>\n\t\t\t<\/dt><\/dl><dl class='gallery-item masonry-item'>\n\t\t\t<dt class='gallery-icon landscape'>\n\t\t\t\t<img loading=\"lazy\" decoding=\"async\"  width=\"300\" height=\"225\" src=\"https:\/\/sunnhaeusl.at\/wp-content\/uploads\/2021\/05\/IMG_0771-1-1024x768-1-300x225.jpg\"  class='colibri-416-c24-image' alt=\"\" srcset=\"https:\/\/sunnhaeusl.at\/wp-content\/uploads\/2021\/05\/IMG_0771-1-1024x768-1-300x225.jpg 300w, https:\/\/sunnhaeusl.at\/wp-content\/uploads\/2021\/05\/IMG_0771-1-1024x768-1-768x576.jpg 768w, https:\/\/sunnhaeusl.at\/wp-content\/uploads\/2021\/05\/IMG_0771-1-1024x768-1.jpg 1024w\" sizes=\"auto, (max-width: 300px) 100vw, 300px\" \/>\n\t\t\t<\/dt><\/dl>\n\t\t\t\n\t\t<\/div>\n<style>#colibri-416-c24 .wp-caption-text.gallery-caption{display:none;}<\/style><\/div><\/div>\n                <\/div>\n              <\/div>\n            <\/div>\n          <\/div>\n        <\/div>\n      <\/div>\n    <\/div>\n  <\/div>\n  <div data-colibri-component=\"section\" data-colibri-id=\"416-c25\" id=\"custom\" class=\"h-section h-section-global-spacing d-flex align-items-lg-center align-items-md-center align-items-center style-568 style-local-416-c25 position-relative\">\n    <div class=\"background-wrapper\">\n      <div class=\"background-layer background-layer-media-container-lg\">\n        <!---->\n        <div class=\"overlay-layer\">\n          <div class=\"overlay-image-layer\" style=\"background-color: rgb(251, 249, 249); opacity: 0.5;\"><\/div>\n        <\/div>\n      <\/div>\n      <div class=\"background-layer background-layer-media-container-md\">\n        <!---->\n        <div class=\"overlay-layer\">\n          <div class=\"overlay-image-layer\" style=\"background-color: rgb(251, 249, 249); opacity: 0.5;\"><\/div>\n        <\/div>\n      <\/div>\n      <div class=\"background-layer background-layer-media-container\">\n        <!---->\n        <div class=\"overlay-layer\">\n          <div class=\"overlay-image-layer\" style=\"background-color: rgb(251, 249, 249); opacity: 0.5;\"><\/div>\n        <\/div>\n      <\/div>\n    <\/div>\n    <!---->\n    <div class=\"h-section-grid-container h-section-boxed-container\">\n      <!---->\n      <div data-colibri-id=\"416-c26\" class=\"h-row-container gutters-row-lg-2 gutters-row-md-2 gutters-row-0 gutters-row-v-lg-2 gutters-row-v-md-2 gutters-row-v-2 style-569 style-local-416-c26 position-relative\">\n        <!---->\n        <div class=\"h-row justify-content-lg-center justify-content-md-center justify-content-center align-items-lg-stretch align-items-md-stretch align-items-stretch gutters-col-lg-2 gutters-col-md-2 gutters-col-0 gutters-col-v-lg-2 gutters-col-v-md-2 gutters-col-v-2\">\n          <!---->\n          <div class=\"h-column h-column-container d-flex h-col-lg-auto h-col-md-auto h-col-auto style-570-outer style-local-416-c27-outer\">\n            <div data-colibri-id=\"416-c27\" class=\"d-flex h-flex-basis h-column__inner h-px-lg-0 h-px-md-0 h-px-0 v-inner-lg-0 v-inner-md-0 v-inner-0 style-570 style-local-416-c27 position-relative\">\n              <!---->\n              <!---->\n              <div class=\"w-100 h-y-container h-column__content h-column__v-align flex-basis-100 align-self-lg-start align-self-md-start align-self-start\">\n                <!---->\n                <div data-colibri-id=\"416-c28\" class=\"h-text h-text-component style-573 style-local-416-c28 position-relative h-element\">\n                  <!---->\n                  <!---->\n                  <div class=\"\">\n                    <h2>indoor<\/h2>\n                  <\/div>\n                <\/div>\n                <div data-colibri-id=\"416-c29\" class=\"h-text h-text-component style-574 style-local-416-c29 position-relative h-element\">\n                  <!---->\n                  <!---->\n                  <div class=\"\">\n                    <p><span style=\"font-size: 88%;\">A beautiful sideboard for our lavish breakfast buffet, a cozy sitting area as well as a small house bar make our breakfast room and lounge a pleasant gathering place for guests. Furthermore, here you also have Wi-Fi Internet access.<\/span><\/p>\n                    <p><span style=\"font-size: 88%;\">Groups and families like to chat, play or celebrate here. Everybody feels marvelously comfortable and at ease in the warm climate next to the fireplace.<\/span><\/p>\n                  <\/div>\n                <\/div>\n              <\/div>\n            <\/div>\n          <\/div>\n          <div class=\"h-column h-column-container d-flex h-col-lg-auto h-col-md-auto h-col-auto style-577-outer style-local-416-c30-outer\">\n            <div data-colibri-id=\"416-c30\" class=\"d-flex h-flex-basis h-column__inner h-px-lg-0 h-px-md-0 h-px-0 v-inner-lg-0 v-inner-md-0 v-inner-0 style-577 style-local-416-c30 position-relative\">\n              <!---->\n              <!---->\n              <div class=\"w-100 h-y-container h-column__content h-column__v-align flex-basis-100 align-self-lg-center align-self-md-center align-self-center\">\n                <!---->\n                <div data-colibri-id=\"416-c31\" class=\"d-block style-578 style-local-416-c31 position-relative h-element\">\n                  <!---->\n                  <div class=\"h-image__frame-container-outer\">\n                    <div class=\"h-image__frame-container\">\n                      <!---->\n                      <!---->\n                      <img loading=\"lazy\" decoding=\"async\" width=\"592\" height=\"433\" src=\"https:\/\/sunnhaeusl.at\/wp-content\/uploads\/2021\/05\/Fruhstuckraum-neu4-1.jpg\" class=\"wp-image-590 style-578-image style-local-416-c31-image\" alt=\"\" srcset=\"https:\/\/sunnhaeusl.at\/wp-content\/uploads\/2021\/05\/Fruhstuckraum-neu4-1.jpg 592w, https:\/\/sunnhaeusl.at\/wp-content\/uploads\/2021\/05\/Fruhstuckraum-neu4-1-300x219.jpg 300w\" sizes=\"auto, (max-width: 592px) 100vw, 592px\" \/>\n                      <div class=\"h-image__frame h-hide-lg h-hide-md h-hide-sm style-578-frameImage style-local-416-c31-frameImage\"><\/div>\n                    <\/div>\n                  <\/div>\n                <\/div>\n              <\/div>\n            <\/div>\n          <\/div>\n        <\/div>\n      <\/div>\n    <\/div>\n  <\/div>\n<\/div>","protected":false},"excerpt":{"rendered":"<p>Zimmer Appartement Innen Aussen Lage Innenbereich Eine sch\u00f6ne Anrichte f\u00fcr das reichhaltige Fr\u00fchst\u00fccksbuffet, ein gem\u00fctlicher Sitzbereich sowie eine kleine Hausbar machen unseren Fr\u00fchst\u00fccks- und Aufenthaltsraum zum absoluten Wohlf\u00fchlraum im Haus. Zus\u00e4tzlich k\u00f6nnen Sie via W-LAN hier ins Internet einsteigen. Gruppen und Familien machen hier Besprechungen, spielen oder feiern. Man f\u00fchlt sich wohl im warmen Klima [&hellip;]<\/p>\n","protected":false},"author":2,"featured_media":0,"parent":69,"menu_order":0,"comment_status":"closed","ping_status":"closed","template":"page-templates\/full-width-page.php","meta":{"footnotes":""},"class_list":["post-416","page","type-page","status-publish","hentry"],"_links":{"self":[{"href":"https:\/\/sunnhaeusl.at\/en\/wp-json\/wp\/v2\/pages\/416","targetHints":{"allow":["GET"]}}],"collection":[{"href":"https:\/\/sunnhaeusl.at\/en\/wp-json\/wp\/v2\/pages"}],"about":[{"href":"https:\/\/sunnhaeusl.at\/en\/wp-json\/wp\/v2\/types\/page"}],"author":[{"embeddable":true,"href":"https:\/\/sunnhaeusl.at\/en\/wp-json\/wp\/v2\/users\/2"}],"replies":[{"embeddable":true,"href":"https:\/\/sunnhaeusl.at\/en\/wp-json\/wp\/v2\/comments?post=416"}],"version-history":[{"count":7,"href":"https:\/\/sunnhaeusl.at\/en\/wp-json\/wp\/v2\/pages\/416\/revisions"}],"predecessor-version":[{"id":2499,"href":"https:\/\/sunnhaeusl.at\/en\/wp-json\/wp\/v2\/pages\/416\/revisions\/2499"}],"up":[{"embeddable":true,"href":"https:\/\/sunnhaeusl.at\/en\/wp-json\/wp\/v2\/pages\/69"}],"wp:attachment":[{"href":"https:\/\/sunnhaeusl.at\/en\/wp-json\/wp\/v2\/media?parent=416"}],"curies":[{"name":"wp","href":"https:\/\/api.w.org\/{rel}","templated":true}]}}