{"id":218,"date":"2021-05-04T16:37:25","date_gmt":"2021-05-04T16:37:25","guid":{"rendered":"https:\/\/sunnhaeusl-staging.obinet.at\/?page_id=218"},"modified":"2022-11-18T11:36:13","modified_gmt":"2022-11-18T11:36:13","slug":"zimmer","status":"publish","type":"page","link":"https:\/\/sunnhaeusl.at\/en\/haus\/zimmer\/","title":{"rendered":"Rooms"},"content":{"rendered":"<div data-colibri-id=\"218-c1\" class=\"style-1234 style-local-218-c1 position-relative\">\n  <!---->\n  <div data-colibri-component=\"section\" data-colibri-id=\"218-c2\" id=\"reusable-sections-2\" class=\"h-section h-section-global-spacing d-flex align-items-lg-center align-items-md-center align-items-center style-1543 style-local-218-c2 position-relative\">\n    <!---->\n    <!---->\n    <div class=\"h-section-grid-container h-section-boxed-container\">\n      <!---->\n      <div data-colibri-id=\"218-c3\" class=\"h-row-container gutters-row-lg-0 gutters-row-md-0 gutters-row-0 gutters-row-v-lg-0 gutters-row-v-md-0 gutters-row-v-0 style-1544 style-local-218-c3 position-relative\">\n        <!---->\n        <div class=\"h-row justify-content-lg-center justify-content-md-center justify-content-center align-items-lg-stretch align-items-md-stretch align-items-stretch gutters-col-lg-0 gutters-col-md-0 gutters-col-0 gutters-col-v-lg-0 gutters-col-v-md-0 gutters-col-v-0\">\n          <!---->\n          <div class=\"h-column h-column-container d-flex h-col-lg-auto h-col-md-auto h-col-auto style-1545-outer style-local-218-c4-outer\">\n            <div data-colibri-id=\"218-c4\" class=\"d-flex h-flex-basis h-column__inner h-px-lg-1 h-px-md-1 h-px-1 v-inner-lg-1 v-inner-md-1 v-inner-1 style-1545 style-local-218-c4 position-relative\">\n              <!---->\n              <!---->\n              <div class=\"w-100 h-y-container h-column__content h-column__v-align flex-basis-100 align-self-lg-start align-self-md-start align-self-start\">\n                <!---->\n                <div data-colibri-id=\"218-c5\" class=\"h-row-container gutters-row-lg-2 gutters-row-md-2 gutters-row-0 gutters-row-v-lg-0 gutters-row-v-md-0 gutters-row-v-0 style-1546 style-local-218-c5 position-relative\">\n                  <!---->\n                  <div class=\"h-row justify-content-lg-start justify-content-md-start justify-content-start align-items-lg-stretch align-items-md-stretch align-items-stretch gutters-col-lg-2 gutters-col-md-2 gutters-col-0 gutters-col-v-lg-0 gutters-col-v-md-0 gutters-col-v-0\">\n                    <!---->\n                    <div class=\"h-column h-column-container d-flex h-col-lg-auto h-col-md-auto h-col-auto style-1547-outer style-local-218-c6-outer\">\n                      <div data-colibri-id=\"218-c6\" class=\"d-flex h-flex-basis h-column__inner h-px-lg-0 h-px-md-0 h-px-0 v-inner-lg-0 v-inner-md-0 v-inner-0 style-1547 style-local-218-c6 position-relative\">\n                        <!---->\n                        <!---->\n                        <div class=\"w-100 h-y-container h-column__content h-column__v-align flex-basis-auto align-self-lg-start align-self-md-start align-self-start\">\n                          <!---->\n                          <div data-colibri-id=\"218-c7\" class=\"h-x-container style-1548 style-local-218-c7 position-relative h-element\">\n                            <!---->\n                            <div class=\"h-x-container-inner style-dynamic-218-c7-group style-1548-spacing style-local-218-c7-spacing\"><span class=\"h-link__outer style-1549-outer style-local-218-c8-outer d-inline-flex h-element\"><a h-use-smooth-scroll=\"true\" href=\"https:\/\/sunnhaeusl.at\/en\/haus\/zimmer\/\"  data-colibri-id=\"218-c8\" class=\"d-flex w-100 align-items-center h-link style-1549 style-local-218-c8 position-relative\"><!----><!----> <span>Rooms<\/span><\/a>\n                              <\/span>\n                            <\/div>\n                          <\/div>\n                        <\/div>\n                      <\/div>\n                    <\/div>\n                    <div class=\"h-column h-column-container d-flex h-col-lg-auto h-col-md-auto h-col-auto style-1547-outer style-local-218-c9-outer\">\n                      <div data-colibri-id=\"218-c9\" class=\"d-flex h-flex-basis h-column__inner h-px-lg-0 h-px-md-0 h-px-0 v-inner-lg-0 v-inner-md-0 v-inner-0 style-1547 style-local-218-c9 position-relative\">\n                        <!---->\n                        <!---->\n                        <div class=\"w-100 h-y-container h-column__content h-column__v-align flex-basis-auto align-self-lg-start align-self-md-start align-self-start\">\n                          <!---->\n                          <div data-colibri-id=\"218-c10\" class=\"h-x-container style-1548 style-local-218-c10 position-relative h-element\">\n                            <!---->\n                            <div class=\"h-x-container-inner style-dynamic-218-c10-group style-1548-spacing style-local-218-c10-spacing\"><span class=\"h-link__outer style-1549-outer style-local-218-c11-outer d-inline-flex h-element\"><a h-use-smooth-scroll=\"true\" href=\"https:\/\/sunnhaeusl.at\/en\/haus\/appartement\/\"  data-colibri-id=\"218-c11\" class=\"d-flex w-100 align-items-center h-link style-1549 style-local-218-c11 position-relative\"><!----><!----> <span>Appartement<\/span><\/a>\n                              <\/span>\n                            <\/div>\n                          <\/div>\n                        <\/div>\n                      <\/div>\n                    <\/div>\n                    <div class=\"h-column h-column-container d-flex h-col-lg-auto h-col-md-auto h-col-auto style-1547-outer style-local-218-c12-outer\">\n                      <div data-colibri-id=\"218-c12\" class=\"d-flex h-flex-basis h-column__inner h-px-lg-0 h-px-md-0 h-px-0 v-inner-lg-0 v-inner-md-0 v-inner-0 style-1547 style-local-218-c12 position-relative\">\n                        <!---->\n                        <!---->\n                        <div class=\"w-100 h-y-container h-column__content h-column__v-align flex-basis-auto align-self-lg-start align-self-md-start align-self-start\">\n                          <!---->\n                          <div data-colibri-id=\"218-c13\" class=\"h-x-container style-1548 style-local-218-c13 position-relative h-element\">\n                            <!---->\n                            <div class=\"h-x-container-inner style-dynamic-218-c13-group style-1548-spacing style-local-218-c13-spacing\"><span class=\"h-link__outer style-1549-outer style-local-218-c14-outer d-inline-flex h-element\"><a h-use-smooth-scroll=\"true\" href=\"https:\/\/sunnhaeusl.at\/en\/haus\/innen\/\"  data-colibri-id=\"218-c14\" class=\"d-flex w-100 align-items-center h-link style-1549 style-local-218-c14 position-relative\"><!----><!----> <span>Indoor<\/span><\/a>\n                              <\/span>\n                            <\/div>\n                          <\/div>\n                        <\/div>\n                      <\/div>\n                    <\/div>\n                    <div class=\"h-column h-column-container d-flex h-col-lg-auto h-col-md-auto h-col-auto style-1547-outer style-local-218-c15-outer\">\n                      <div data-colibri-id=\"218-c15\" class=\"d-flex h-flex-basis h-column__inner h-px-lg-0 h-px-md-0 h-px-0 v-inner-lg-0 v-inner-md-0 v-inner-0 style-1547 style-local-218-c15 position-relative\">\n                        <!---->\n                        <!---->\n                        <div class=\"w-100 h-y-container h-column__content h-column__v-align flex-basis-auto align-self-lg-start align-self-md-start align-self-start\">\n                          <!---->\n                          <div data-colibri-id=\"218-c16\" class=\"h-x-container style-1548 style-local-218-c16 position-relative h-element\">\n                            <!---->\n                            <div class=\"h-x-container-inner style-dynamic-218-c16-group style-1548-spacing style-local-218-c16-spacing\"><span class=\"h-link__outer style-1549-outer style-local-218-c17-outer d-inline-flex h-element\"><a h-use-smooth-scroll=\"true\" href=\"https:\/\/sunnhaeusl.at\/en\/haus\/aussen\/\"  data-colibri-id=\"218-c17\" class=\"d-flex w-100 align-items-center h-link style-1549 style-local-218-c17 position-relative\"><!----><!----> <span>Outside<\/span><\/a>\n                              <\/span>\n                            <\/div>\n                          <\/div>\n                        <\/div>\n                      <\/div>\n                    <\/div>\n                    <div class=\"h-column h-column-container d-flex h-col-lg-auto h-col-md-auto h-col-auto style-1547-outer style-local-218-c18-outer\">\n                      <div data-colibri-id=\"218-c18\" class=\"d-flex h-flex-basis h-column__inner h-px-lg-0 h-px-md-0 h-px-0 v-inner-lg-0 v-inner-md-0 v-inner-0 style-1547 style-local-218-c18 position-relative\">\n                        <!---->\n                        <!---->\n                        <div class=\"w-100 h-y-container h-column__content h-column__v-align flex-basis-auto align-self-lg-start align-self-md-start align-self-start\">\n                          <!---->\n                          <div data-colibri-id=\"218-c19\" class=\"h-x-container style-1548 style-local-218-c19 position-relative h-element\">\n                            <!---->\n                            <div class=\"h-x-container-inner style-dynamic-218-c19-group style-1548-spacing style-local-218-c19-spacing\"><span class=\"h-link__outer style-1549-outer style-local-218-c20-outer d-inline-flex h-element\"><a h-use-smooth-scroll=\"true\" href=\"https:\/\/sunnhaeusl.at\/en\/haus\/lage\/\"  data-colibri-id=\"218-c20\" class=\"d-flex w-100 align-items-center h-link style-1549 style-local-218-c20 position-relative\"><!----><!----> <span>Location<\/span><\/a>\n                              <\/span>\n                            <\/div>\n                          <\/div>\n                        <\/div>\n                      <\/div>\n                    <\/div>\n                  <\/div>\n                <\/div>\n              <\/div>\n            <\/div>\n          <\/div>\n        <\/div>\n      <\/div>\n    <\/div>\n  <\/div>\n  <div data-colibri-component=\"section\" data-colibri-id=\"218-c21\" id=\"custom\" class=\"h-section h-section-global-spacing d-flex align-items-lg-center align-items-md-center align-items-center style-1248 style-local-218-c21 position-relative\">\n    <div class=\"background-wrapper\">\n      <div class=\"background-layer background-layer-media-container-lg\">\n        <!---->\n        <div class=\"overlay-layer\">\n          <div class=\"overlay-image-layer\" style=\"background-color: rgb(251, 249, 249); opacity: 0.5;\"><\/div>\n          <div class=\"shape-layer\" style=\"background-image: url(&quot;&quot;); background-position: center center; background-size: cover; background-repeat: no-repeat; filter: invert(0%);\"><\/div>\n        <\/div>\n      <\/div>\n      <div class=\"background-layer background-layer-media-container-md\">\n        <!---->\n        <div class=\"overlay-layer\">\n          <div class=\"overlay-image-layer\" style=\"background-color: rgb(251, 249, 249); opacity: 0.5;\"><\/div>\n          <div class=\"shape-layer\" style=\"background-image: url(&quot;&quot;); background-position: center center; background-size: cover; background-repeat: no-repeat; filter: invert(0%);\"><\/div>\n        <\/div>\n      <\/div>\n      <div class=\"background-layer background-layer-media-container\">\n        <!---->\n        <div class=\"overlay-layer\">\n          <div class=\"overlay-image-layer\" style=\"background-color: rgb(251, 249, 249); opacity: 0.5;\"><\/div>\n          <div class=\"shape-layer\" style=\"background-image: url(&quot;&quot;); background-position: center center; background-size: cover; background-repeat: no-repeat; filter: invert(0%);\"><\/div>\n        <\/div>\n      <\/div>\n    <\/div>\n    <div class=\"h-separator\" style=\"height: 100px; top: calc(0px);\">\n      <svg style=\"fill:rgb(128, 0, 0);\" xmlns=\"http:\/\/www.w3.org\/2000\/svg\" viewbox=\"0 0 1000 100\" preserveaspectratio=\"none\">\n        <path class=\"svg-white-bg\" d=\"M421.9,6.5c22.6-2.5,51.5,0.4,75.5,5.3c23.6,4.9,70.9,23.5,100.5,35.7c75.8,32.2,133.7,44.5,192.6,49.7\tc23.6,2.1,48.7,3.5,103.4-2.5c54.7-6,106.2-25.6,106.2-25.6V0H0v30.3c0,0,72,32.6,158.4,30.5c39.2-0.7,92.8-6.7,134-22.4\tc21.2-8.1,52.2-18.2,79.7-24.2C399.3,7.9,411.6,7.5,421.9,6.5z\"><\/path>\n      <\/svg>\n    <\/div>\n    <div class=\"h-section-grid-container h-section-boxed-container\">\n      <!---->\n      <div data-colibri-id=\"218-c22\" class=\"h-row-container gutters-row-lg-2 gutters-row-md-2 gutters-row-0 gutters-row-v-lg-2 gutters-row-v-md-2 gutters-row-v-2 style-1249 style-local-218-c22 position-relative\">\n        <!---->\n        <div class=\"h-row justify-content-lg-center justify-content-md-center justify-content-center align-items-lg-stretch align-items-md-stretch align-items-stretch gutters-col-lg-2 gutters-col-md-2 gutters-col-0 gutters-col-v-lg-2 gutters-col-v-md-2 gutters-col-v-2\">\n          <!---->\n          <div class=\"h-column h-column-container d-flex h-col-lg-auto h-col-md-auto h-col-auto style-1250-outer style-local-218-c23-outer\">\n            <div data-colibri-id=\"218-c23\" class=\"d-flex h-flex-basis h-column__inner h-px-lg-2 h-px-md-2 h-px-2 v-inner-lg-2 v-inner-md-2 v-inner-2 style-1250 style-local-218-c23 position-relative\">\n              <!---->\n              <!---->\n              <div class=\"w-100 h-y-container h-column__content h-column__v-align flex-basis-100 align-self-lg-start align-self-md-start align-self-start\">\n                <!---->\n                <div data-colibri-id=\"218-c24\" class=\"h-icon style-1341 style-local-218-c24 position-relative h-element\">\n                  <!----><span class=\"h-svg-icon h-icon__icon style-1341-icon style-local-218-c24-icon\"><!--Icon by Icons8 Line Awesome (https:\/\/icons8.com\/line-awesome)--><svg version=\"1.1\" xmlns=\"http:\/\/www.w3.org\/2000\/svg\" xmlns:xlink=\"http:\/\/www.w3.org\/1999\/xlink\" id=\"bed\" viewbox=\"0 0 512 545.5\"><path d=\"M96 128h320c26.327 0 48 21.673 48 48v108.5c9.764 8.813 16 21.446 16 35.5v144h-80v-32H112v32H32V320c0-14.054 6.236-26.688 16-35.5V176c0-26.327 21.673-48 48-48zm0 32c-8.873 0-16 7.127-16 16v96h32v-16c0-26.327 21.673-48 48-48h64c12.273 0 23.474 4.805 32 12.5 8.526-7.695 19.727-12.5 32-12.5h64c26.327 0 48 21.673 48 48v16h32v-96c0-8.873-7.127-16-16-16H96zm64 80c-8.873 0-16 7.127-16 16v16h96v-16c0-8.873-7.127-16-16-16h-64zm128 0c-8.873 0-16 7.127-16 16v16h96v-16c0-8.873-7.127-16-16-16h-64zM80 304c-8.873 0-16 7.127-16 16v112h16v-32h352v32h16V320c0-8.873-7.127-16-16-16H80z\"><\/path><\/svg><\/span><\/div>\n                <div\n                  data-colibri-id=\"218-c25\" class=\"h-text h-text-component style-1251 style-local-218-c25 position-relative h-element\">\n                  <!---->\n                  <!---->\n                  <div class=\"\">\n                    <h4>EVERY ROOM OFFERS<\/h4>\n                  <\/div>\n              <\/div>\n              <div data-colibri-id=\"218-c26\" class=\"h-divider style-1252 style-local-218-c26 position-relative h-element\">\n                <!----><span class=\"h-divider__line style-1252-line style-local-218-c26-line style-1252-line style-local-218-c26-line\"><\/span><\/div>\n              <div data-colibri-id=\"218-c27\" class=\"h-text h-text-component style-1253 style-local-218-c27 position-relative h-element\">\n                <!---->\n                <!---->\n                <div class=\"\">\n                  <p>\u2013 shower and toilet<\/p>\n                  <p>\u2013 balcony<\/p>\n                  <p>\u2013 flat screen with cable TV -Internet<\/p>\n                  <p>\u2013 wifi<\/p>\n                  <p>\u2013 radio<\/p>\n                  <p>\u2013 hair dryer<\/p>\n                  <p>From all of our rooms you have the breath taking view in the landscape of the amazing mountains. Some of the rooms are including a WLAN internet access.<\/p>\n                <\/div>\n              <\/div>\n            <\/div>\n          <\/div>\n        <\/div>\n        <div class=\"h-column h-column-container d-flex h-col-lg-auto h-col-md-auto h-col-auto style-1254-outer style-local-218-c28-outer\">\n          <div data-colibri-id=\"218-c28\" class=\"d-flex h-flex-basis h-column__inner h-ui-empty-state-container h-px-lg-2 h-px-md-2 h-px-2 v-inner-lg-2 v-inner-md-2 v-inner-2 style-1254 style-local-218-c28 position-relative\">\n            <!---->\n            <!---->\n            <div class=\"w-100 h-y-container h-column__content h-column__v-align flex-basis-100\">\n              <!---->\n            <\/div>\n          <\/div>\n        <\/div>\n      <\/div>\n    <\/div>\n    <div data-colibri-id=\"218-c29\" class=\"h-row-container gutters-row-lg-2 gutters-row-md-2 gutters-row-0 gutters-row-v-lg-2 gutters-row-v-md-2 gutters-row-v-2 style-1342 style-local-218-c29 position-relative\">\n      <!---->\n      <div class=\"h-row justify-content-lg-center justify-content-md-center justify-content-center align-items-lg-stretch align-items-md-stretch align-items-stretch gutters-col-lg-2 gutters-col-md-2 gutters-col-0 gutters-col-v-lg-2 gutters-col-v-md-2 gutters-col-v-2\">\n        <!---->\n        <div class=\"h-column h-column-container d-flex h-col-lg-auto h-col-md-auto h-col-auto style-1343-outer style-local-218-c30-outer\">\n          <div data-colibri-id=\"218-c30\" class=\"d-flex h-flex-basis h-column__inner h-ui-empty-state-container h-px-lg-2 h-px-md-2 h-px-2 v-inner-lg-2 v-inner-md-2 v-inner-2 style-1343 style-local-218-c30 position-relative\">\n            <!---->\n            <!---->\n            <div class=\"w-100 h-y-container h-column__content h-column__v-align flex-basis-100\">\n              <!---->\n            <\/div>\n          <\/div>\n        <\/div>\n        <div class=\"h-column h-column-container d-flex h-col-lg-auto h-col-md-auto h-col-auto style-1344-outer style-local-218-c31-outer\">\n          <div data-colibri-id=\"218-c31\" class=\"d-flex h-flex-basis h-column__inner h-ui-empty-state-container h-px-lg-2 h-px-md-2 h-px-2 v-inner-lg-2 v-inner-md-2 v-inner-2 style-1344 style-local-218-c31 position-relative\">\n            <!---->\n            <!---->\n            <div class=\"w-100 h-y-container h-column__content h-column__v-align flex-basis-100\">\n              <!---->\n            <\/div>\n          <\/div>\n        <\/div>\n        <div class=\"h-column h-column-container d-flex h-col-lg-auto h-col-md-auto h-col-auto style-1345-outer style-local-218-c32-outer\">\n          <div data-colibri-id=\"218-c32\" class=\"d-flex h-flex-basis h-column__inner h-ui-empty-state-container h-px-lg-2 h-px-md-2 h-px-2 v-inner-lg-2 v-inner-md-2 v-inner-2 style-1345 style-local-218-c32 position-relative\">\n            <!---->\n            <!---->\n            <div class=\"w-100 h-y-container h-column__content h-column__v-align flex-basis-100\">\n              <!---->\n            <\/div>\n          <\/div>\n        <\/div>\n      <\/div>\n    <\/div>\n  <\/div>\n<\/div>\n<div data-colibri-component=\"section\" data-colibri-id=\"218-c33\" id=\"custom-3\" class=\"h-section h-section-global-spacing d-flex align-items-lg-center align-items-md-center align-items-center style-1346 style-local-218-c33 position-relative\">\n  <!---->\n  <!---->\n  <div class=\"h-section-grid-container h-section-fluid-container\">\n    <!---->\n    <div data-colibri-id=\"218-c34\" class=\"h-row-container gutters-row-lg-0 gutters-row-md-0 gutters-row-0 gutters-row-v-lg-0 gutters-row-v-md-0 gutters-row-v-0 style-1347 style-local-218-c34 position-relative\">\n      <!---->\n      <div class=\"h-row justify-content-lg-center justify-content-md-center justify-content-center align-items-lg-stretch align-items-md-stretch align-items-stretch gutters-col-lg-0 gutters-col-md-0 gutters-col-0 gutters-col-v-lg-0 gutters-col-v-md-0 gutters-col-v-0\">\n        <!---->\n        <div class=\"h-column h-column-container d-flex h-col-lg-auto h-col-md-auto h-col-auto style-1349-outer style-local-218-c35-outer\">\n          <div data-colibri-id=\"218-c35\" class=\"d-flex h-flex-basis h-column__inner h-ui-empty-state-container h-px-lg-0 h-px-md-0 h-px-0 v-inner-lg-0 v-inner-md-0 v-inner-0 style-1349 style-local-218-c35 position-relative\">\n            <!---->\n            <!---->\n            <div class=\"w-100 h-y-container h-column__content h-column__v-align flex-basis-100\">\n              <!---->\n            <\/div>\n          <\/div>\n        <\/div>\n        <div class=\"h-column h-column-container d-flex h-col-lg-auto h-col-md-auto h-col-auto style-1348-outer style-local-218-c36-outer\">\n          <div data-colibri-id=\"218-c36\" class=\"d-flex h-flex-basis h-column__inner h-ui-empty-state-container h-px-lg-0 h-px-md-0 h-px-0 v-inner-lg-0 v-inner-md-0 v-inner-0 style-1348 style-local-218-c36 position-relative\">\n            <!---->\n            <!---->\n            <div class=\"w-100 h-y-container h-column__content h-column__v-align flex-basis-100\">\n              <!---->\n            <\/div>\n          <\/div>\n        <\/div>\n      <\/div>\n    <\/div>\n  <\/div>\n<\/div>\n<div data-colibri-component=\"section\" data-colibri-id=\"218-c37\" id=\"custom-4\" class=\"h-section h-section-global-spacing d-flex align-items-lg-center align-items-md-center align-items-center style-1350 style-local-218-c37 position-relative\">\n  <!---->\n  <!---->\n  <div class=\"h-section-grid-container h-section-boxed-container\">\n    <!---->\n    <div data-colibri-id=\"218-c38\" class=\"h-row-container gutters-row-lg-2 gutters-row-md-2 gutters-row-0 gutters-row-v-lg-2 gutters-row-v-md-2 gutters-row-v-2 style-1351 style-local-218-c38 position-relative\">\n      <!---->\n      <div class=\"h-row justify-content-lg-center justify-content-md-center justify-content-center align-items-lg-stretch align-items-md-stretch align-items-stretch gutters-col-lg-2 gutters-col-md-2 gutters-col-0 gutters-col-v-lg-2 gutters-col-v-md-2 gutters-col-v-2\">\n        <!---->\n        <div class=\"h-column h-column-container d-flex h-col-lg-auto h-col-md-auto h-col-auto style-1352-outer style-local-218-c39-outer\">\n          <div data-colibri-id=\"218-c39\" class=\"d-flex h-flex-basis h-column__inner h-px-lg-2 h-px-md-2 h-px-2 v-inner-lg-2 v-inner-md-2 v-inner-2 style-1352 style-local-218-c39 position-relative\">\n            <!---->\n            <!---->\n            <div class=\"w-100 h-y-container h-column__content h-column__v-align flex-basis-100 align-self-lg-start align-self-md-start align-self-start\">\n              <!---->\n              <div data-colibri-id=\"218-c40\" class=\"d-block style-1356 style-local-218-c40 position-relative h-element\">\n                <!---->\n                <div class=\"h-image__frame-container-outer\">\n                  <div class=\"h-image__frame-container\">\n                    <!---->\n                    <!---->\n                    <img loading=\"lazy\" decoding=\"async\" width=\"400\" height=\"710\" src=\"https:\/\/sunnhaeusl.at\/wp-content\/uploads\/2021\/05\/zimmerdachfenster.jpg\" class=\"wp-image-601 style-1356-image style-local-218-c40-image\" alt=\"\" srcset=\"https:\/\/sunnhaeusl.at\/wp-content\/uploads\/2021\/05\/zimmerdachfenster.jpg 400w, https:\/\/sunnhaeusl.at\/wp-content\/uploads\/2021\/05\/zimmerdachfenster-169x300.jpg 169w\" sizes=\"auto, (max-width: 400px) 100vw, 400px\" \/>\n                    <div class=\"h-image__frame h-hide-lg h-hide-md h-hide-sm style-1356-frameImage style-local-218-c40-frameImage\"><\/div>\n                  <\/div>\n                <\/div>\n              <\/div>\n            <\/div>\n          <\/div>\n        <\/div>\n        <div class=\"h-column h-column-container d-flex h-col-lg-auto h-col-md-auto h-col-auto style-1353-outer style-local-218-c41-outer\">\n          <div data-colibri-id=\"218-c41\" class=\"d-flex h-flex-basis h-column__inner h-px-lg-2 h-px-md-2 h-px-2 v-inner-lg-2 v-inner-md-2 v-inner-2 style-1353 style-local-218-c41 position-relative\">\n            <!---->\n            <!---->\n            <div class=\"w-100 h-y-container h-column__content h-column__v-align flex-basis-100 align-self-lg-center align-self-md-center align-self-center\">\n              <!---->\n              <div data-colibri-id=\"218-c42\" class=\"h-global-transition-all h-heading style-1355 style-local-218-c42 position-relative h-element\">\n                <!---->\n                <!---->\n                <h3 class=\"\">Single room<\/h3>\n              <\/div>\n              <div data-colibri-id=\"218-c43\" class=\"h-text h-text-component style-1354 style-local-218-c43 position-relative h-element\">\n                <!---->\n                <!---->\n                <div class=\"\">\n                  <p>If you have your vacation alone and break out of everyday life, invite in our single room.<\/p>\n                  <p>This room is equiped with shower and toilet. Enjoy the comfortabilty of the electric roof window. Below the roof we had no place for a balcony.<\/p>\n                <\/div>\n              <\/div>\n            <\/div>\n          <\/div>\n        <\/div>\n      <\/div>\n    <\/div>\n  <\/div>\n<\/div>\n<\/div>","protected":false},"excerpt":{"rendered":"<p>Zimmer Appartement Innen Aussen Lage JEDES ZIMMER VERF\u00dcGT \u00dcBER \u2013 Dusche\/WC \u2013 Balkon \u2013 Flachbildschirm mit Kabel-TV -Internet \u2013 Wlan \u2013 Radio \u2013 F\u00f6n Nat\u00fcrlich haben Sie durch die wundersch\u00f6ne Lage unseres Hauses, in jedem unserer Zimmer eine atemberaubende Aussicht auf die umliegende Berglandschaft und auf das Salzachtal. Einzelzimmer Wenn Sie ihren Urlaub allein verbringen [&hellip;]<\/p>\n","protected":false},"author":2,"featured_media":0,"parent":69,"menu_order":0,"comment_status":"closed","ping_status":"closed","template":"page-templates\/full-width-page.php","meta":{"footnotes":""},"class_list":["post-218","page","type-page","status-publish","hentry"],"_links":{"self":[{"href":"https:\/\/sunnhaeusl.at\/en\/wp-json\/wp\/v2\/pages\/218","targetHints":{"allow":["GET"]}}],"collection":[{"href":"https:\/\/sunnhaeusl.at\/en\/wp-json\/wp\/v2\/pages"}],"about":[{"href":"https:\/\/sunnhaeusl.at\/en\/wp-json\/wp\/v2\/types\/page"}],"author":[{"embeddable":true,"href":"https:\/\/sunnhaeusl.at\/en\/wp-json\/wp\/v2\/users\/2"}],"replies":[{"embeddable":true,"href":"https:\/\/sunnhaeusl.at\/en\/wp-json\/wp\/v2\/comments?post=218"}],"version-history":[{"count":12,"href":"https:\/\/sunnhaeusl.at\/en\/wp-json\/wp\/v2\/pages\/218\/revisions"}],"predecessor-version":[{"id":2279,"href":"https:\/\/sunnhaeusl.at\/en\/wp-json\/wp\/v2\/pages\/218\/revisions\/2279"}],"up":[{"embeddable":true,"href":"https:\/\/sunnhaeusl.at\/en\/wp-json\/wp\/v2\/pages\/69"}],"wp:attachment":[{"href":"https:\/\/sunnhaeusl.at\/en\/wp-json\/wp\/v2\/media?parent=218"}],"curies":[{"name":"wp","href":"https:\/\/api.w.org\/{rel}","templated":true}]}}