{"id":1860,"date":"2021-11-16T07:22:46","date_gmt":"2021-11-16T07:22:46","guid":{"rendered":"https:\/\/sunnhaeusl.at\/?page_id=1860"},"modified":"2022-11-18T10:40:27","modified_gmt":"2022-11-18T10:40:27","slug":"winterpreise-2","status":"publish","type":"page","link":"https:\/\/sunnhaeusl.at\/en\/preise\/winterpreise-2\/","title":{"rendered":"Pricelist winter"},"content":{"rendered":"<div data-colibri-id=\"1860-c1\" class=\"style-1009 style-local-1860-c1 position-relative\">\n  <!---->\n  <div data-colibri-component=\"section\" data-colibri-id=\"1860-c2\" id=\"reusable-sections\" class=\"h-section h-section-global-spacing d-flex align-items-lg-center align-items-md-center align-items-center style-1619 style-local-1860-c2 position-relative\">\n    <!---->\n    <!---->\n    <div class=\"h-section-grid-container h-section-boxed-container\">\n      <!---->\n      <div data-colibri-id=\"1860-c3\" class=\"h-row-container gutters-row-lg-0 gutters-row-md-0 gutters-row-0 gutters-row-v-lg-0 gutters-row-v-md-0 gutters-row-v-0 style-1620 style-local-1860-c3 position-relative\">\n        <!---->\n        <div class=\"h-row justify-content-lg-center justify-content-md-center justify-content-center align-items-lg-stretch align-items-md-stretch align-items-stretch gutters-col-lg-0 gutters-col-md-0 gutters-col-0 gutters-col-v-lg-0 gutters-col-v-md-0 gutters-col-v-0\">\n          <!---->\n          <div class=\"h-column h-column-container d-flex h-col-lg-auto h-col-md-auto h-col-auto style-1621-outer style-local-1860-c4-outer\">\n            <div data-colibri-id=\"1860-c4\" class=\"d-flex h-flex-basis h-column__inner h-px-lg-1 h-px-md-1 h-px-1 v-inner-lg-1 v-inner-md-1 v-inner-1 style-1621 style-local-1860-c4 position-relative\">\n              <!---->\n              <!---->\n              <div class=\"w-100 h-y-container h-column__content h-column__v-align flex-basis-100 align-self-lg-start align-self-md-start align-self-start\">\n                <!---->\n                <div data-colibri-id=\"1860-c5\" class=\"h-row-container gutters-row-lg-2 gutters-row-md-2 gutters-row-0 gutters-row-v-lg-0 gutters-row-v-md-0 gutters-row-v-0 style-1622 style-local-1860-c5 position-relative\">\n                  <!---->\n                  <div class=\"h-row justify-content-lg-start justify-content-md-start justify-content-start align-items-lg-stretch align-items-md-stretch align-items-stretch gutters-col-lg-2 gutters-col-md-2 gutters-col-0 gutters-col-v-lg-0 gutters-col-v-md-0 gutters-col-v-0\">\n                    <!---->\n                    <div class=\"h-column h-column-container d-flex h-col-lg-auto h-col-md-auto h-col-auto style-1623-outer style-local-1860-c6-outer\">\n                      <div data-colibri-id=\"1860-c6\" class=\"d-flex h-flex-basis h-column__inner h-px-lg-0 h-px-md-0 h-px-0 v-inner-lg-1 v-inner-md-1 v-inner-1 style-1623 style-local-1860-c6 position-relative\">\n                        <!---->\n                        <!---->\n                        <div class=\"w-100 h-y-container h-column__content h-column__v-align flex-basis-auto align-self-lg-start align-self-md-start align-self-start\">\n                          <!---->\n                          <div data-colibri-id=\"1860-c7\" class=\"h-x-container style-1624 style-local-1860-c7 position-relative h-element\">\n                            <!---->\n                            <div class=\"h-x-container-inner style-dynamic-1860-c7-group style-1624-spacing style-local-1860-c7-spacing\"><span class=\"h-link__outer style-1625-outer style-local-1860-c8-outer d-inline-flex h-element\"><a h-use-smooth-scroll=\"true\" href=\"https:\/\/sunnhaeusl.at\/en\/preise\/zimmerbelegung\/\"  data-colibri-id=\"1860-c8\" class=\"d-flex w-100 align-items-center h-link style-1625 style-local-1860-c8 position-relative\"><!----><!----> <span>Room vacancys<\/span><\/a>\n                              <\/span>\n                            <\/div>\n                          <\/div>\n                        <\/div>\n                      <\/div>\n                    <\/div>\n                    <div class=\"h-column h-column-container d-flex h-col-lg-auto h-col-md-auto h-col-auto style-1623-outer style-local-1860-c9-outer\">\n                      <div data-colibri-id=\"1860-c9\" class=\"d-flex h-flex-basis h-column__inner h-px-lg-0 h-px-md-0 h-px-0 v-inner-lg-1 v-inner-md-1 v-inner-1 style-1623 style-local-1860-c9 position-relative\">\n                        <!---->\n                        <!---->\n                        <div class=\"w-100 h-y-container h-column__content h-column__v-align flex-basis-auto align-self-lg-start align-self-md-start align-self-start\">\n                          <!---->\n                          <div data-colibri-id=\"1860-c10\" class=\"h-x-container style-1624 style-local-1860-c10 position-relative h-element\">\n                            <!---->\n                            <div class=\"h-x-container-inner style-dynamic-1860-c10-group style-1624-spacing style-local-1860-c10-spacing\"><span class=\"h-link__outer style-1625-outer style-local-1860-c11-outer d-inline-flex h-element\"><a h-use-smooth-scroll=\"true\" href=\"https:\/\/sunnhaeusl.at\/en\/preise\/sommerpreise\/\"  data-colibri-id=\"1860-c11\" class=\"d-flex w-100 align-items-center h-link style-1625 style-local-1860-c11 position-relative\"><!----><!----> <span>Pricelist summer<\/span><\/a>\n                              <\/span>\n                            <\/div>\n                          <\/div>\n                        <\/div>\n                      <\/div>\n                    <\/div>\n                    <div class=\"h-column h-column-container d-flex h-col-lg-auto h-col-md-auto h-col-auto style-1623-outer style-local-1860-c12-outer\">\n                      <div data-colibri-id=\"1860-c12\" class=\"d-flex h-flex-basis h-column__inner h-px-lg-0 h-px-md-0 h-px-0 v-inner-lg-1 v-inner-md-1 v-inner-1 style-1623 style-local-1860-c12 position-relative\">\n                        <!---->\n                        <!---->\n                        <div class=\"w-100 h-y-container h-column__content h-column__v-align flex-basis-auto align-self-lg-start align-self-md-start align-self-start\">\n                          <!---->\n                          <div data-colibri-id=\"1860-c13\" class=\"h-x-container style-1624 style-local-1860-c13 position-relative h-element\">\n                            <!---->\n                            <div class=\"h-x-container-inner style-dynamic-1860-c13-group style-1624-spacing style-local-1860-c13-spacing\"><span class=\"h-link__outer style-1625-outer style-local-1860-c14-outer d-inline-flex h-element\"><a h-use-smooth-scroll=\"true\" href=\"https:\/\/sunnhaeusl.at\/en\/preise\/winterpreise\/\"  data-colibri-id=\"1860-c14\" class=\"d-flex w-100 align-items-center h-link style-1625 style-local-1860-c14 position-relative\"><!----><!----> <span>Pricelist winter<\/span><\/a>\n                              <\/span>\n                            <\/div>\n                          <\/div>\n                        <\/div>\n                      <\/div>\n                    <\/div>\n                  <\/div>\n                <\/div>\n              <\/div>\n            <\/div>\n          <\/div>\n        <\/div>\n      <\/div>\n    <\/div>\n  <\/div>\n  <div data-colibri-component=\"section\" data-colibri-id=\"1860-c15\" id=\"custom\" class=\"h-section h-section-global-spacing d-flex align-items-lg-center align-items-md-center align-items-center style-1023 style-local-1860-c15 position-relative\">\n    <div class=\"background-wrapper\">\n      <div class=\"background-layer background-layer-media-container-lg\">\n        <!---->\n      <\/div>\n      <div class=\"background-layer background-layer-media-container-md\">\n        <!---->\n      <\/div>\n      <div class=\"background-layer background-layer-media-container\">\n        <!---->\n        <div class=\"overlay-layer\">\n          <div class=\"overlay-image-layer\" style=\"background-color: rgb(251, 249, 249); opacity: 1;\"><\/div>\n          <div class=\"shape-layer\" style=\"background-image: url(&quot;&quot;); background-position: center center; background-size: cover; background-repeat: no-repeat; filter: invert(0%);\"><\/div>\n        <\/div>\n      <\/div>\n    <\/div>\n    <div class=\"h-separator\" style=\"height: 100px; top: calc(0px);\">\n      <svg style=\"fill:rgb(128, 0, 0);\" xmlns=\"http:\/\/www.w3.org\/2000\/svg\" viewbox=\"0 0 1000 100\" preserveaspectratio=\"none\">\n        <path class=\"svg-white-bg\" d=\"M421.9,6.5c22.6-2.5,51.5,0.4,75.5,5.3c23.6,4.9,70.9,23.5,100.5,35.7c75.8,32.2,133.7,44.5,192.6,49.7\tc23.6,2.1,48.7,3.5,103.4-2.5c54.7-6,106.2-25.6,106.2-25.6V0H0v30.3c0,0,72,32.6,158.4,30.5c39.2-0.7,92.8-6.7,134-22.4\tc21.2-8.1,52.2-18.2,79.7-24.2C399.3,7.9,411.6,7.5,421.9,6.5z\"><\/path>\n      <\/svg>\n    <\/div>\n    <div class=\"h-section-grid-container h-section-boxed-container\">\n      <!---->\n      <div data-colibri-id=\"1860-c16\" class=\"h-row-container gutters-row-lg-2 gutters-row-md-2 gutters-row-0 gutters-row-v-lg-2 gutters-row-v-md-2 gutters-row-v-2 style-1024 style-local-1860-c16 position-relative\">\n        <!---->\n        <div class=\"h-row justify-content-lg-start justify-content-md-start justify-content-start align-items-lg-stretch align-items-md-stretch align-items-stretch gutters-col-lg-2 gutters-col-md-2 gutters-col-0 gutters-col-v-lg-2 gutters-col-v-md-2 gutters-col-v-2\">\n          <!---->\n          <div class=\"h-column h-column-container d-flex h-col-lg-auto h-col-md-auto h-col-auto style-1025-outer style-local-1860-c17-outer\">\n            <div data-colibri-id=\"1860-c17\" class=\"d-flex h-flex-basis h-column__inner h-px-lg-0 h-px-md-0 h-px-0 v-inner-lg-0 v-inner-md-0 v-inner-0 style-1025 style-local-1860-c17 position-relative\">\n              <!---->\n              <!---->\n              <div class=\"w-100 h-y-container h-column__content h-column__v-align flex-basis-100 align-self-lg-start align-self-md-start align-self-start\">\n                <!---->\n                <div data-colibri-id=\"1860-c18\" class=\"h-text h-text-component style-1026 style-local-1860-c18 position-relative h-element\">\n                  <!---->\n                  <!---->\n                  <div class=\"\">\n                    <h2>Winterpreise 22\/23 Zimmer<\/h2>\n                    <p>\n                      <br>\n                    <\/p>\n                  <\/div>\n                <\/div>\n                <div data-colibri-id=\"1860-c19\" class=\"h-divider style-1027 style-local-1860-c19 position-relative h-element\">\n                  <!----><span class=\"h-divider__line style-1027-line style-local-1860-c19-line style-1027-line style-local-1860-c19-line\"><\/span><\/div>\n                <div data-colibri-id=\"1860-c20\" class=\"h-text h-text-component style-1031 style-local-1860-c20 position-relative h-element\">\n                  <!---->\n                  <!---->\n                  <div class=\"\">\n                    <p><span style=\"font-weight: 400; font-size: 16px; font-family: &quot;Open Sans&quot;; color: rgb(102, 102, 102);\">price per person\/night&nbsp;<\/span><strong style=\"font-size: 16px; font-family: &quot;Open Sans&quot;; color: rgb(102, 102, 102);\">with breakfast excl. tax<\/strong><\/p>\n                  <\/div>\n                <\/div>\n                <div data-colibri-id=\"1860-c21\" class=\"style-1028 style-local-1860-c21 position-relative h-element\">\n                  <!---->\n                  <div class=\"h-global-transition-all\">\n<table id=\"tablepress-1\" class=\"tablepress tablepress-id-1\">\n<thead>\n<tr class=\"row-1\">\n\t<td class=\"column-1\"><\/td><td class=\"column-2\"><\/td><th class=\"column-3\">       Low Season<br \/>\n<br \/>\n     07.01. - 30.01.26<br \/>\n     09.03. - 06.04.26 <\/th><th class=\"column-4\">        Peak Season<br \/>\n<br \/>\n    20.12.25 - 06.01.26<br \/>\n    31.01.26 - 08.03.26<\/th>\n<\/tr>\n<\/thead>\n<tbody class=\"row-hover\">\n<tr class=\"row-2\">\n\t<td class=\"column-1\">per person \/ double room<\/td><td class=\"column-2\">from<\/td><td class=\"column-3\">            \u20ac  53,00<\/td><td class=\"column-4\">             \u20ac 58,00<\/td>\n<\/tr>\n<tr class=\"row-3\">\n\t<td class=\"column-1\">per person \/ more-beds-room<\/td><td class=\"column-2\">from<\/td><td class=\"column-3\">            \u20ac  50,00<\/td><td class=\"column-4\">             \u20ac 53,00<\/td>\n<\/tr>\n<tr class=\"row-4\">\n\t<td class=\"column-1\">single room addition<\/td><td class=\"column-2\"><\/td><td class=\"column-3\">            \u20ac  14,00<\/td><td class=\"column-4\">             \u20ac 14,00<\/td>\n<\/tr>\n<tr class=\"row-5\">\n\t<td class=\"column-1\">one-night-stay<\/td><td class=\"column-2\"><\/td><td class=\"column-3\">            \u20ac  15,00<\/td><td class=\"column-4\">             \u20ac 15,00<\/td>\n<\/tr>\n<tr class=\"row-6\">\n\t<td class=\"column-1\">two-night-stay<\/td><td class=\"column-2\"><\/td><td class=\"column-3\">            \u20ac    8,00<\/td><td class=\"column-4\">             \u20ac   8,00<\/td>\n<\/tr>\n<tr class=\"row-7\">\n\t<td class=\"column-1\">N\u00e4chtigungsabgabe p.P\/Nacht ab 15 Jahre<\/td><td class=\"column-2\"><\/td><td class=\"column-3\">            \u20ac    2,30<\/td><td class=\"column-4\">             \u20ac   2,30<\/td>\n<\/tr>\n<tr class=\"row-8\">\n\t<td class=\"column-1\">Mobilit\u00e4tsabgabe p.P\/Nacht ab 15 Jahre<\/td><td class=\"column-2\"><\/td><td class=\"column-3\">            \u20ac    0,50<\/td><td class=\"column-4\">             \u20ac   0,50<\/td>\n<\/tr>\n<\/tbody>\n<\/table>\n<!-- #tablepress-1 from cache --><\/div>\n                <\/div>\n                <div data-colibri-id=\"1860-c22\" class=\"h-text h-text-component style-1034 style-local-1860-c22 position-relative h-element\">\n                  <!---->\n                  <!---->\n                  <div class=\"\">\n                    <p><strong>children fair in the room of the parents (Multi-bed room)<\/strong><\/p>\n                  <\/div>\n                <\/div>\n                <div data-colibri-id=\"1860-c23\" class=\"style-1035 style-local-1860-c23 position-relative h-element\">\n                  <!---->\n                  <div class=\"h-global-transition-all\">\n<table id=\"tablepress-2\" class=\"tablepress tablepress-id-2\">\n<thead>\n<tr class=\"row-1\">\n\t<td class=\"column-1\"><\/td><td class=\"column-2\"><\/td><th class=\"column-3\">        Low Season<br \/>\n<br \/>\n      07.01. - 30.01.26<br \/>\n      09.03. - 06.04.26<\/th><th class=\"column-4\">         Peak Season<br \/>\n<br \/>\n     20.12.25 - 06.01.26<br \/>\n     31.01.26 - 08.03.26<\/th>\n<\/tr>\n<\/thead>\n<tbody class=\"row-hover\">\n<tr class=\"row-2\">\n\t<td class=\"column-1\">0 - 3 years<\/td><td class=\"column-2\"><\/td><td class=\"column-3\">              \u20ac  17,00<\/td><td class=\"column-4\">            \u20ac  17,00<\/td>\n<\/tr>\n<tr class=\"row-3\">\n\t<td class=\"column-1\">4 - 10 years<\/td><td class=\"column-2\"><\/td><td class=\"column-3\">              \u20ac   27,00<\/td><td class=\"column-4\">            \u20ac  29,00<\/td>\n<\/tr>\n<tr class=\"row-4\">\n\t<td class=\"column-1\">11 - 14 years<\/td><td class=\"column-2\"><\/td><td class=\"column-3\">              \u20ac   37,00<\/td><td class=\"column-4\">            \u20ac  41,00<\/td>\n<\/tr>\n<tr class=\"row-5\">\n\t<td class=\"column-1\"><\/td><td class=\"column-2\"><\/td><td class=\"column-3\">    <\/td><td class=\"column-4\">    <\/td>\n<\/tr>\n<\/tbody>\n<\/table>\n<!-- #tablepress-2 from cache --><\/div>\n                <\/div>\n              <\/div>\n            <\/div>\n          <\/div>\n        <\/div>\n      <\/div>\n      <div data-colibri-id=\"1860-c24\" class=\"h-row-container gutters-row-lg-0 gutters-row-md-0 gutters-row-0 gutters-row-v-lg-3 gutters-row-v-md-3 gutters-row-v-3 style-1041 style-local-1860-c24 position-relative\">\n        <!---->\n        <div class=\"h-row justify-content-lg-start justify-content-md-start justify-content-start align-items-lg-stretch align-items-md-stretch align-items-stretch gutters-col-lg-0 gutters-col-md-0 gutters-col-0 gutters-col-v-lg-3 gutters-col-v-md-3 gutters-col-v-3\">\n          <!---->\n          <div class=\"h-column h-column-container d-flex h-col-lg-auto h-col-md-auto h-col-auto style-1042-outer style-local-1860-c25-outer\">\n            <div data-colibri-id=\"1860-c25\" class=\"d-flex h-flex-basis h-column__inner h-px-lg-2 h-px-md-2 h-px-2 v-inner-lg-2 v-inner-md-2 v-inner-2 style-1042 style-local-1860-c25 position-relative\">\n              <!---->\n              <!---->\n              <div class=\"w-100 h-y-container h-column__content h-column__v-align flex-basis-100 align-self-lg-start align-self-md-start align-self-start\">\n                <!---->\n                <div data-colibri-id=\"1860-c26\" class=\"h-text h-text-component style-1026 style-local-1860-c26 position-relative h-element\">\n                  <!---->\n                  <!---->\n                  <div class=\"\">\n                    <h2>Winterpreise 22\/23 Appartement<\/h2>\n                    <p>\n                      <br>\n                    <\/p>\n                  <\/div>\n                <\/div>\n                <div data-colibri-id=\"1860-c27\" class=\"h-divider style-1027 style-local-1860-c27 position-relative h-element\">\n                  <!----><span class=\"h-divider__line style-1027-line style-local-1860-c27-line style-1027-line style-local-1860-c27-line\"><\/span><\/div>\n                <div data-colibri-id=\"1860-c28\" class=\"h-text h-text-component style-1031 style-local-1860-c28 position-relative h-element\">\n                  <!---->\n                  <!---->\n                  <div class=\"\">\n                    <p><span style=\"font-weight: 400; font-size: 16px; font-family: &quot;Open Sans&quot;; color: rgb(102, 102, 102);\">price per appartement\/night&nbsp;<\/span><strong style=\"font-size: 16px; font-family: &quot;Open Sans&quot;; color: rgb(102, 102, 102);\">with starterset of towels and bed linen excl. tax<\/strong><\/p>\n                  <\/div>\n                <\/div>\n                <div data-colibri-id=\"1860-c29\" class=\"h-text h-text-component style-1031 style-local-1860-c29 position-relative h-element\">\n                  <!---->\n                  <!---->\n                  <div class=\"\">\n                    <p><strong style=\"font-size: 16px; font-family: &quot;Open Sans&quot;; color: rgb(102, 102, 102);\">apartment with<\/strong><\/p>\n                  <\/div>\n                <\/div>\n                <div data-colibri-id=\"1860-c30\" class=\"style-1045 style-local-1860-c30 position-relative h-element\">\n                  <!---->\n                  <div class=\"h-global-transition-all\">\n<table id=\"tablepress-3\" class=\"tablepress tablepress-id-3\">\n<thead>\n<tr class=\"row-1\">\n\t<td class=\"column-1\"><\/td><td class=\"column-2\"><\/td><th class=\"column-3\">        Low Season<br \/>\n<br \/>\n      07.01. - 30.01.26<br \/>\n      09.03. - 06.04.26<\/th><th class=\"column-4\">       Peak Season<br \/>\n<br \/>\n   20.12.25 - 06.01.26<br \/>\n   31.01.26 - 08.03.26<\/th>\n<\/tr>\n<\/thead>\n<tbody class=\"row-striping\">\n<tr class=\"row-2\">\n\t<td class=\"column-1\">2 persons<\/td><td class=\"column-2\">from<\/td><td class=\"column-3\">             \u20ac 115,00<\/td><td class=\"column-4\">          \u20ac  125,00<\/td>\n<\/tr>\n<tr class=\"row-3\">\n\t<td class=\"column-1\">3 persons<\/td><td class=\"column-2\">from<\/td><td class=\"column-3\">             \u20ac 133,00<\/td><td class=\"column-4\">          \u20ac  143,00<\/td>\n<\/tr>\n<tr class=\"row-4\">\n\t<td class=\"column-1\">4 persons<\/td><td class=\"column-2\">from<\/td><td class=\"column-3\">             \u20ac 151,00<\/td><td class=\"column-4\">          \u20ac  161,00<\/td>\n<\/tr>\n<tr class=\"row-5\">\n\t<td class=\"column-1\">N\u00e4chtigungsabgabe p.P\/Nacht ab 15 Jahre <\/td><td class=\"column-2\"><\/td><td class=\"column-3\">             \u20ac    2,30<\/td><td class=\"column-4\">          \u20ac      2,30<\/td>\n<\/tr>\n<tr class=\"row-6\">\n\t<td class=\"column-1\">Mobilit\u00e4tsabgabe p.P\/Nacht ab 15 Jahre<\/td><td class=\"column-2\"><\/td><td class=\"column-3\">             \u20ac    0,50<\/td><td class=\"column-4\">          \u20ac      0,50<\/td>\n<\/tr>\n<tr class=\"row-7\">\n\t<td class=\"column-1\">final cleaning <\/td><td class=\"column-2\"><\/td><td class=\"column-3\">             \u20ac   50,00<\/td><td class=\"column-4\">         \u20ac      50,00<\/td>\n<\/tr>\n<tr class=\"row-8\">\n\t<td class=\"column-1\">breakfast if desired<\/td><td class=\"column-2\"><\/td><td class=\"column-3\">             \u20ac   10,00<\/td><td class=\"column-4\">         \u20ac      10,00<br \/>\n<\/td>\n<\/tr>\n<\/tbody>\n<\/table>\n<!-- #tablepress-3 from cache --><\/div>\n                <\/div>\n              <\/div>\n            <\/div>\n          <\/div>\n        <\/div>\n      <\/div>\n      <div data-colibri-id=\"1860-c31\" class=\"h-row-container gutters-row-lg-0 gutters-row-md-0 gutters-row-0 gutters-row-v-lg-2 gutters-row-v-md-2 gutters-row-v-2 style-1043 style-local-1860-c31 position-relative\">\n        <!---->\n        <div class=\"h-row justify-content-lg-start justify-content-md-start justify-content-start align-items-lg-stretch align-items-md-stretch align-items-stretch gutters-col-lg-0 gutters-col-md-0 gutters-col-0 gutters-col-v-lg-2 gutters-col-v-md-2 gutters-col-v-2\">\n          <!---->\n          <div class=\"h-column h-column-container d-flex h-col-lg-auto h-col-md-auto h-col-auto style-1044-outer style-local-1860-c32-outer\">\n            <div data-colibri-id=\"1860-c32\" class=\"d-flex h-flex-basis h-column__inner h-px-lg-2 h-px-md-2 h-px-2 v-inner-lg-2 v-inner-md-2 v-inner-2 style-1044 style-local-1860-c32 position-relative\">\n              <!---->\n              <!---->\n              <div class=\"w-100 h-y-container h-column__content h-column__v-align flex-basis-100 align-self-lg-start align-self-md-start align-self-start\">\n                <!---->\n                <div data-colibri-id=\"1860-c33\" class=\"h-text h-text-component style-1026 style-local-1860-c33 position-relative h-element\">\n                  <!---->\n                  <!---->\n                  <div class=\"\">\n                    <h3>Cancellation Conditions<\/h3>\n                  <\/div>\n                <\/div>\n                <div data-colibri-id=\"1860-c34\" class=\"h-text h-text-component style-1031 style-local-1860-c34 position-relative h-element\">\n                  <!---->\n                  <!---->\n                  <div class=\"\">\n                    <p>We look forward to welcoming you as our guests. If something happens to make your scheduled visit impossible, that\u2019s bad enough.<\/p>\n                    <p>In order to somewhat recover our reservation costs and loss of revenue in such a circumstance, the following cancellation conditions will apply<\/p>\n                    <p>*You may cancel 2 months or more prior to arrival at no cost.<span style=\"font-weight: 400; font-size: 16px; font-family: &quot;Open Sans&quot;; color: rgb(102, 102, 102);\"><br>*Charge for cancellations within the last 2 weeks prior to arrival: 50 %,<\/span>\n                      <br>*Charge for cancellations within the last 2 weeks prior to arrival: 80 %,\n                      <br>*In the event of a no-show or premature departure, we will be obliged to charge you 100% of the full cost of your booking.<\/p>\n                    <p>We appreciate your understanding and cooperation. To cover yourself against all eventualities, we highly recommend purchasing&nbsp;<strong>holiday cancellation insurance<\/strong>ou can do so yourself directly with Europ\u00e4ische Reiserversicherung (\n                      <a href=\"http:\/\/www.europaeische.at\"\n                        style=\"font-family: &quot;Open Sans&quot;; font-weight: 400; font-size: 1em; color: rgb(128, 0, 0);\" class=\"customize-unpreviewable\">www.europaeische.at<\/a>or you may prefer to have us take care of the formalities, in which case we will purchase the insurance on your behalf and bill the charges to you as part of your booking.<\/p>\n                    <p>Deposit: 20 % of the booking price.<\/p>\n                  <\/div>\n                <\/div>\n              <\/div>\n            <\/div>\n          <\/div>\n        <\/div>\n      <\/div>\n    <\/div>\n  <\/div>\n<\/div>","protected":false},"excerpt":{"rendered":"<p>Zimmerbelegung Sommerpreise Winterpreise Winterpreise 22\/23 Zimmer Die Preise gelten pro Person\/Nacht&nbsp;inkl. Fr\u00fchst\u00fcck exkl. Kurtaxe. Kindererm\u00e4\u00dfigung im Zimmer der Eltern (Mehrbettzimmer) Winterpreise 22\/23 Appartement Die Preise gelten pro Appartement\/Nacht&nbsp;inkl. Erstausstattung Handt\u00fccher und Bettw\u00e4sche exkl. Ortstaxe Belegung mit: Stornobedingungen Wir freuen uns, Sie als G\u00e4ste begr\u00fc\u00dfen zu d\u00fcrfen. Sollte etwas passieren, dass ihren Besuch zu diesem Zeitpunkt [&hellip;]<\/p>\n","protected":false},"author":3,"featured_media":0,"parent":655,"menu_order":0,"comment_status":"closed","ping_status":"closed","template":"page-templates\/full-width-page.php","meta":{"footnotes":""},"class_list":["post-1860","page","type-page","status-publish","hentry"],"_links":{"self":[{"href":"https:\/\/sunnhaeusl.at\/en\/wp-json\/wp\/v2\/pages\/1860","targetHints":{"allow":["GET"]}}],"collection":[{"href":"https:\/\/sunnhaeusl.at\/en\/wp-json\/wp\/v2\/pages"}],"about":[{"href":"https:\/\/sunnhaeusl.at\/en\/wp-json\/wp\/v2\/types\/page"}],"author":[{"embeddable":true,"href":"https:\/\/sunnhaeusl.at\/en\/wp-json\/wp\/v2\/users\/3"}],"replies":[{"embeddable":true,"href":"https:\/\/sunnhaeusl.at\/en\/wp-json\/wp\/v2\/comments?post=1860"}],"version-history":[{"count":6,"href":"https:\/\/sunnhaeusl.at\/en\/wp-json\/wp\/v2\/pages\/1860\/revisions"}],"predecessor-version":[{"id":2195,"href":"https:\/\/sunnhaeusl.at\/en\/wp-json\/wp\/v2\/pages\/1860\/revisions\/2195"}],"up":[{"embeddable":true,"href":"https:\/\/sunnhaeusl.at\/en\/wp-json\/wp\/v2\/pages\/655"}],"wp:attachment":[{"href":"https:\/\/sunnhaeusl.at\/en\/wp-json\/wp\/v2\/media?parent=1860"}],"curies":[{"name":"wp","href":"https:\/\/api.w.org\/{rel}","templated":true}]}}